{"id":1192,"date":"2014-10-31T14:07:14","date_gmt":"2014-10-31T14:07:14","guid":{"rendered":"http:\/\/malaiseprogram.ca\/?page_id=1192"},"modified":"2016-06-24T18:40:42","modified_gmt":"2016-06-24T18:40:42","slug":"what-is-a-malaise-trap","status":"publish","type":"page","link":"http:\/\/malaiseprogram.com\/fr\/discover\/what-is-a-malaise-trap\/","title":{"rendered":"Qu\u2019est-ce qu\u2019une Trappe Malaise?"},"content":{"rendered":"Une trappe Malaise est un outil de collecte tr\u00e8s efficace utilis\u00e9 pour la recherche scientifique, particuli\u00e8rement pour effectuer des inventaires de biodiversit\u00e9. Invent\u00e9 par l\u2019entomologiste Su\u00e9dois Ren\u00e9 Malaise en 1934, \u00e7a ressemble une tente noire et blanche avec un panneau en filet le long de l\u2019axe central.<\/p>\n<p><img loading=\"lazy\" decoding=\"async\" class=\"alignleft size-medium wp-image-905\" src=\"http:\/\/malaiseprogram.com\/site\/wp-content\/uploads\/2014\/10\/trap-dimensions-1-300x185.gif\" alt=\"trap dimensions\" width=\"300\" height=\"185\" \/>Quand les insectes rencontrent le panneau en filet noir, la plupart vont naturellement aller vers le haut en direction du toit color\u00e9 blanc pour essayer de s\u2019\u00e9chapper. Les insectes sont alors dirig\u00e9s vers l\u2019apex de la trappe (t\u00eate de la trappe) o\u00f9 ils se retrouvent dans la bouteille de collecte et deviennent pris d\u00e9finitivement. La bouteille de collecte est remplie avec de l\u2019\u00e9thanol pour pr\u00e9server les organismes et leur ADN. La trappe peut \u00eatre d\u00e9ploy\u00e9e ind\u00e9finiment, avec seulement la bouteille a remplac\u00e9e p\u00e9riodiquement (habituellement une fois par semaine), ce qui en fait une technique d\u2019\u00e9chantillonnage avec peu d\u2019entretien et \u00e0 faible co\u00fbt.<\/p>\n<p>Une trappe Malaise est g\u00e9n\u00e9ralement plac\u00e9e dans un passage de vol naturel o\u00f9 elle peut facilement collecter des centaines d\u2019insectes en une semaine. C\u2019est une m\u00e9thode d\u2019\u00e9chantillonnage tr\u00e8s efficace pour plusieurs groupes d\u2019insectes \u2013 particuli\u00e8rement les mouches, les gu\u00eapes et les h\u00e9mipt\u00e8res \u2013 et peut fournir une compr\u00e9hension tr\u00e8s d\u00e9taill\u00e9e de la biodiversit\u00e9 locale.<\/p>\n<p>De plus, comme elle peut \u00eatre d\u00e9ploy\u00e9e de mani\u00e8re hautement standardis\u00e9e, la trappe Malaise peut \u00eatre utilis\u00e9e pour des programmes de contr\u00f4le biologique qui cherchent \u00e0 tracer les tendances \u00e0 long terme, ainsi que les impacts des activit\u00e9s de d\u00e9veloppement et de restauration sur la diversit\u00e9 des esp\u00e8ces.<\/p>\n<h4><a href=\"http:\/\/malaiseprogram.com\/discover\/dna-barcoding\/\">D\u00e9couvrir: Qu&rsquo;est-ce qu&rsquo;un barcode d&rsquo;ADN?<\/a><\/h4>","protected":false},"excerpt":{"rendered":"<p>Une trappe Malaise est un outil de collecte tr\u00e8s efficace utilis\u00e9 pour la recherche scientifique, particuli\u00e8rement pour effectuer des inventaires de biodiversit\u00e9. Invent\u00e9 par l\u2019entomologiste Su\u00e9dois Ren\u00e9 Malaise en 1934, \u00e7a ressemble une tente noire et blanche avec un panneau en filet le long de l\u2019axe central. Quand les insectes rencontrent le panneau en filet &hellip; <a href=\"http:\/\/malaiseprogram.com\/fr\/discover\/what-is-a-malaise-trap\/\" class=\"more-link\">Continuer la lecture de <span class=\"screen-reader-text\">Qu\u2019est-ce qu\u2019une Trappe Malaise?<\/span>  <span class=\"meta-nav\">&rarr;<\/span><\/a><\/p>\n","protected":false},"author":266,"featured_media":1194,"parent":37,"menu_order":1,"comment_status":"closed","ping_status":"closed","template":"","meta":{"_monsterinsights_skip_tracking":false,"_monsterinsights_sitenote_active":false,"_monsterinsights_sitenote_note":"","_monsterinsights_sitenote_category":0,"footnotes":""},"class_list":["post-1192","page","type-page","status-publish","has-post-thumbnail","hentry"],"_links":{"self":[{"href":"http:\/\/malaiseprogram.com\/fr\/wp-json\/wp\/v2\/pages\/1192","targetHints":{"allow":["GET"]}}],"collection":[{"href":"http:\/\/malaiseprogram.com\/fr\/wp-json\/wp\/v2\/pages"}],"about":[{"href":"http:\/\/malaiseprogram.com\/fr\/wp-json\/wp\/v2\/types\/page"}],"author":[{"embeddable":true,"href":"http:\/\/malaiseprogram.com\/fr\/wp-json\/wp\/v2\/users\/266"}],"replies":[{"embeddable":true,"href":"http:\/\/malaiseprogram.com\/fr\/wp-json\/wp\/v2\/comments?post=1192"}],"version-history":[{"count":1,"href":"http:\/\/malaiseprogram.com\/fr\/wp-json\/wp\/v2\/pages\/1192\/revisions"}],"predecessor-version":[{"id":5116,"href":"http:\/\/malaiseprogram.com\/fr\/wp-json\/wp\/v2\/pages\/1192\/revisions\/5116"}],"up":[{"embeddable":true,"href":"http:\/\/malaiseprogram.com\/fr\/wp-json\/wp\/v2\/pages\/37"}],"wp:featuredmedia":[{"embeddable":true,"href":"http:\/\/malaiseprogram.com\/fr\/wp-json\/wp\/v2\/media\/1194"}],"wp:attachment":[{"href":"http:\/\/malaiseprogram.com\/fr\/wp-json\/wp\/v2\/media?parent=1192"}],"curies":[{"name":"wp","href":"https:\/\/api.w.org\/{rel}","templated":true}]}}