{"id":1196,"date":"2014-10-31T14:10:25","date_gmt":"2014-10-31T14:10:25","guid":{"rendered":"http:\/\/malaiseprogram.ca\/?page_id=1196"},"modified":"2016-12-15T16:49:25","modified_gmt":"2016-12-15T16:49:25","slug":"on-the-biobus","status":"publish","type":"page","link":"http:\/\/malaiseprogram.com\/fr\/discover\/on-the-biobus\/","title":{"rendered":"\u00c0 bord du BIObus"},"content":{"rendered":"<h6>Traduction fran\u00e7aise \u00e0 venir tr\u00e8s bient\u00f4t.<\/h6>\n<p>The <a href=\"http:\/\/biobus.ca\/\">BIObus<\/a> is the field research vehicle of the <a href=\"http:\/\/biodiversitygenomics.net\">Centre pour Biodiversit\u00e9 Genomiques (CBG)<\/a>, serving dual roles as both a mobile lab and as a flagship for learning and public engagement in biodiversity science.<\/p>\n<p>Since 2008, the BIObus has traveled across North America visiting biodiversity hotspots to collect insects and other invertebrates. The crew consists of 4 members at a time, a CBG\u00a0field biologist with 3 undergraduate students. These young biodiversity scientists learn collecting methods, specimen preservation, taxonomy, how to work as a team and how to interact with the public. \u00a0Plus they get to visit spectacular National Parks, provincial parks and conservation areas!<\/p>\n<p>Follow the crew\u2019s journey on the BIObus\u00a0by reading about their experiences in their weekly <a href=\"http:\/\/biobus.ca\/blog\/\" target=\"_blank\">blogs<\/a>. Also check out their <a href=\"https:\/\/www.facebook.com\/BIObus.Guelph\" target=\"_blank\">Facebook<\/a> and <a href=\"https:\/\/twitter.com\/BIObus_Canada\" target=\"_blank\">Twitter<\/a> feeds.<\/p>\n<h4><a href=\"http:\/\/malaiseprogram.com\/discover\/why-is-biodiversity-important\/\">Discover: Why is Biodiversity Important?<\/a><\/h4>","protected":false},"excerpt":{"rendered":"<p>Traduction fran\u00e7aise \u00e0 venir tr\u00e8s bient\u00f4t. The BIObus is the field research vehicle of the Centre pour Biodiversit\u00e9 Genomiques (CBG), serving dual roles as both a mobile lab and as a flagship for learning and public engagement in biodiversity science. Since 2008, the BIObus has traveled across North America visiting biodiversity hotspots to collect insects &hellip; <a href=\"http:\/\/malaiseprogram.com\/fr\/discover\/on-the-biobus\/\" class=\"more-link\">Continuer la lecture de <span class=\"screen-reader-text\">\u00c0 bord du BIObus<\/span>  <span class=\"meta-nav\">&rarr;<\/span><\/a><\/p>\n","protected":false},"author":266,"featured_media":1197,"parent":37,"menu_order":3,"comment_status":"closed","ping_status":"closed","template":"","meta":{"_monsterinsights_skip_tracking":false,"_monsterinsights_sitenote_active":false,"_monsterinsights_sitenote_note":"","_monsterinsights_sitenote_category":0,"footnotes":""},"class_list":["post-1196","page","type-page","status-publish","has-post-thumbnail","hentry"],"_links":{"self":[{"href":"http:\/\/malaiseprogram.com\/fr\/wp-json\/wp\/v2\/pages\/1196","targetHints":{"allow":["GET"]}}],"collection":[{"href":"http:\/\/malaiseprogram.com\/fr\/wp-json\/wp\/v2\/pages"}],"about":[{"href":"http:\/\/malaiseprogram.com\/fr\/wp-json\/wp\/v2\/types\/page"}],"author":[{"embeddable":true,"href":"http:\/\/malaiseprogram.com\/fr\/wp-json\/wp\/v2\/users\/266"}],"replies":[{"embeddable":true,"href":"http:\/\/malaiseprogram.com\/fr\/wp-json\/wp\/v2\/comments?post=1196"}],"version-history":[{"count":5,"href":"http:\/\/malaiseprogram.com\/fr\/wp-json\/wp\/v2\/pages\/1196\/revisions"}],"predecessor-version":[{"id":6170,"href":"http:\/\/malaiseprogram.com\/fr\/wp-json\/wp\/v2\/pages\/1196\/revisions\/6170"}],"up":[{"embeddable":true,"href":"http:\/\/malaiseprogram.com\/fr\/wp-json\/wp\/v2\/pages\/37"}],"wp:featuredmedia":[{"embeddable":true,"href":"http:\/\/malaiseprogram.com\/fr\/wp-json\/wp\/v2\/media\/1197"}],"wp:attachment":[{"href":"http:\/\/malaiseprogram.com\/fr\/wp-json\/wp\/v2\/media?parent=1196"}],"curies":[{"name":"wp","href":"https:\/\/api.w.org\/{rel}","templated":true}]}}