{"id":1209,"date":"2014-10-31T14:46:24","date_gmt":"2014-10-31T14:46:24","guid":{"rendered":"http:\/\/malaiseprogram.ca\/?page_id=1209"},"modified":"2016-12-14T19:53:40","modified_gmt":"2016-12-14T19:53:40","slug":"specimen-sorting","status":"publish","type":"page","link":"http:\/\/malaiseprogram.com\/fr\/how-it-works\/specimen-sorting\/","title":{"rendered":"Triage des Sp\u00e9cimens"},"content":{"rendered":"<h4>La Collecte des Sp\u00e9cimens<\/h4>\n<p>Avec le Programme Scolaire de trappe Malaise, nous fournissons chaque classe avec leur propre trappe Malaise, un appareil similaire \u00e0 une tente, pour explorer la biodiversit\u00e9 de leur cour d\u2019\u00e9cole. Nous demandons \u00e0 chaque classe d\u2019installer leur trappe et de collecter les insectes pendant les m\u00eames deux semaines. Dans le pass\u00e9, nous avons aussi fait partenariat avec de grandes organisations, incluant des institutions, des Parcs Nationaux, et des endroits conservation qui avaient accept\u00e9s d\u2019utiliser la trappe Malaise sur leur propri\u00e9t\u00e9. De plus, nous en installons une fr\u00e9quemment sur la propri\u00e9t\u00e9 de CBG. \u00c0 la fin des deux semaines de collecte, toutes les trappes et les bouteilles de collecte sont retourn\u00e9es \u00e0 CBG\u00a0pour permettre \u00e0 l\u2019analyse de commencer.<\/p>\n<h4>Triage des Sp\u00e9cimens<\/h4>\n<p><img loading=\"lazy\" decoding=\"async\" class=\"alignleft size-medium wp-image-997\" src=\"http:\/\/malaiseprogram.com\/site\/wp-content\/uploads\/2014\/10\/Samples-e1412949545613-1.jpg\" alt=\"Samples\" width=\"225\" height=\"300\" srcset=\"http:\/\/malaiseprogram.com\/site\/wp-content\/uploads\/2014\/10\/Samples-e1412949545613-1.jpg 500w, http:\/\/malaiseprogram.com\/site\/wp-content\/uploads\/2014\/10\/Samples-e1412949545613-1-225x300.jpg 225w\" sizes=\"auto, (max-width: 225px) 100vw, 225px\" \/>Une fois que les bouteilles de collecte arrivent \u00e0 CBG, le personnel de CBG\u00a0va enregistrer les d\u00e9tails sur la localit\u00e9 de collecte de chaque bouteille et compiler les donn\u00e9es enregistr\u00e9es sur la temp\u00e9rature par les \u00e9tudiants de chaque classe. Ensuite, le contenu de chaque bouteille va \u00eatre transvid\u00e9 dans un plat de trie, et tous les sp\u00e9cimens vont \u00eatre compt\u00e9s pour chaque trappe en utilisant un microscope. Le personnel tente ensuite de s\u00e9lectionner autant d\u2019esp\u00e8ces diff\u00e9rentes que possible, avec un maximum de 285 animaux par trappe pour le barcode d\u2019ADN. Chaque sp\u00e9cimen s\u00e9lectionn\u00e9 est plac\u00e9 dans une cavit\u00e9 individuelle d\u2019une plaquette de tissu d\u2019ADN. Si le sp\u00e9cimen est trop large pour rentrer dans la cavit\u00e9, une patte est enlev\u00e9e et plac\u00e9e dans la cavit\u00e9. Une fois que les plaquettes sont pr\u00eates, elles sont transf\u00e9r\u00e9es au laboratoire mol\u00e9culaire pour la prochaine phase d\u2019analyse du barcode.<\/p>\n<p>La vid\u00e9o suivante montre nos techniciens de la Collection en action \u2013 triant, photographiant et archivant les sp\u00e9cimens du Programme Scolaire de trappe Malaise!<\/p>\n<p><iframe loading=\"lazy\" src=\"https:\/\/www.youtube.com\/embed\/TtLmDrWSP5I\" width=\"420\" height=\"315\" frameborder=\"0\" allowfullscreen=\"allowfullscreen\"><\/iframe><\/p>\n<h4><a href=\"http:\/\/malaiseprogram.com\/how-it-works\/in-the-lab\/\">Prochaine \u00c9tape: Dans le laboratoire<\/a><\/h4>","protected":false},"excerpt":{"rendered":"<p>La Collecte des Sp\u00e9cimens Avec le Programme Scolaire de trappe Malaise, nous fournissons chaque classe avec leur propre trappe Malaise, un appareil similaire \u00e0 une tente, pour explorer la biodiversit\u00e9 de leur cour d\u2019\u00e9cole. Nous demandons \u00e0 chaque classe d\u2019installer leur trappe et de collecter les insectes pendant les m\u00eames deux semaines. Dans le pass\u00e9, &hellip; <a href=\"http:\/\/malaiseprogram.com\/fr\/how-it-works\/specimen-sorting\/\" class=\"more-link\">Continuer la lecture de <span class=\"screen-reader-text\">Triage des Sp\u00e9cimens<\/span>  <span class=\"meta-nav\">&rarr;<\/span><\/a><\/p>\n","protected":false},"author":266,"featured_media":0,"parent":1201,"menu_order":2,"comment_status":"closed","ping_status":"closed","template":"","meta":{"_monsterinsights_skip_tracking":false,"_monsterinsights_sitenote_active":false,"_monsterinsights_sitenote_note":"","_monsterinsights_sitenote_category":0,"footnotes":""},"class_list":["post-1209","page","type-page","status-publish","hentry"],"_links":{"self":[{"href":"http:\/\/malaiseprogram.com\/fr\/wp-json\/wp\/v2\/pages\/1209","targetHints":{"allow":["GET"]}}],"collection":[{"href":"http:\/\/malaiseprogram.com\/fr\/wp-json\/wp\/v2\/pages"}],"about":[{"href":"http:\/\/malaiseprogram.com\/fr\/wp-json\/wp\/v2\/types\/page"}],"author":[{"embeddable":true,"href":"http:\/\/malaiseprogram.com\/fr\/wp-json\/wp\/v2\/users\/266"}],"replies":[{"embeddable":true,"href":"http:\/\/malaiseprogram.com\/fr\/wp-json\/wp\/v2\/comments?post=1209"}],"version-history":[{"count":5,"href":"http:\/\/malaiseprogram.com\/fr\/wp-json\/wp\/v2\/pages\/1209\/revisions"}],"predecessor-version":[{"id":6143,"href":"http:\/\/malaiseprogram.com\/fr\/wp-json\/wp\/v2\/pages\/1209\/revisions\/6143"}],"up":[{"embeddable":true,"href":"http:\/\/malaiseprogram.com\/fr\/wp-json\/wp\/v2\/pages\/1201"}],"wp:attachment":[{"href":"http:\/\/malaiseprogram.com\/fr\/wp-json\/wp\/v2\/media?parent=1209"}],"curies":[{"name":"wp","href":"https:\/\/api.w.org\/{rel}","templated":true}]}}