{"id":1465,"date":"2014-12-11T12:50:43","date_gmt":"2014-12-11T12:50:43","guid":{"rendered":"http:\/\/malaiseprogram.ca\/?page_id=1465"},"modified":"2016-12-07T20:27:38","modified_gmt":"2016-12-07T20:27:38","slug":"alberta-ab","status":"publish","type":"page","link":"http:\/\/malaiseprogram.com\/fr\/how-it-works\/the-results\/school-reports\/alberta-ab\/","title":{"rendered":"Alberta"},"content":{"rendered":"<p class=\"Corps\">Ci-dessous, vous pouvez acc\u00e9der aux rapports scolaires individuels des \u00e9ditions pr\u00e9c\u00e9dentes du Programme Scolaire de trappe Malaise, avec les \u00e9coles r\u00e9pertori\u00e9es par ville.<\/p>\n<h5>Ardrossan<\/h5>\n<p style=\"padding-left: 30px;\"><strong>New Horizons School<\/strong><br \/>\n<em>Spring 2015:\u00a0<\/em><a href=\"http:\/\/malaiseprogram.com\/site\/wp-content\/uploads\/2015\/09\/Individual-Trap-Report_New-Horizons-School.pdf\" target=\"_blank\">Individual Report<\/a>\u00a0\u00b7\u00a0<a href=\"http:\/\/malaiseprogram.com\/site\/wp-content\/uploads\/2015\/09\/Species-List-New-Horizons-School.pdf\" target=\"_blank\">Species List<\/a>\u00a0\u00b7\u00a0<a href=\"http:\/\/malaiseprogram.com\/site\/wp-content\/uploads\/2015\/09\/NewHorizonsSchool.pdf\" target=\"_blank\">Image Library<\/a><br \/>\n<em>Fall 2015:\u00a0<\/em><a href=\"http:\/\/malaiseprogram.com\/site\/wp-content\/uploads\/2015\/12\/Individual-Trap-Report_New-Horizons-School.pdf\" rel=\"\">Individual Report<\/a>\u00a0\u00b7\u00a0<a href=\"http:\/\/malaiseprogram.com\/site\/wp-content\/uploads\/2015\/12\/New-Horizons-School.pdf\" rel=\"\">Species List<\/a>\u00a0\u00b7 <a href=\"http:\/\/malaiseprogram.com\/site\/wp-content\/uploads\/2014\/12\/NewHorizonsSchool-1.pdf\" target=\"_blank\" rel=\"\">Image Library<\/a><\/p>\n<h5>Black Diamond<\/h5>\n<p style=\"padding-left: 30px;\"><strong>Oilfields High School<\/strong><br \/>\n<em>Fall 2014:\u00a0<\/em><a href=\"http:\/\/malaiseprogram.com\/site\/wp-content\/uploads\/2014\/12\/Oilfields-High-School_Individual-Report-1.pdf\" target=\"_blank\">Individual Report<\/a>\u00a0\u00b7\u00a0<a href=\"http:\/\/malaiseprogram.com\/site\/wp-content\/uploads\/2014\/12\/Oilfields-High-School_Species-List-1.pdf\" target=\"_blank\">Species List<\/a>\u00a0\u00b7\u00a0<a href=\"http:\/\/malaiseprogram.com\/site\/wp-content\/uploads\/2014\/12\/Oilfields-High-School_Image-library-1.pdf\" target=\"_blank\">Image Library<\/a><\/p>\n<h5>Bow Island<\/h5>\n<p style=\"padding-left: 30px;\"><strong>Senator Gershaw School<\/strong><br \/>\n<em>Fall 2014:\u00a0<\/em><a href=\"http:\/\/malaiseprogram.com\/site\/wp-content\/uploads\/2014\/12\/Senator-Gershaw-School_Individual-Report-1.pdf\" target=\"_blank\">Individual Report<\/a>\u00a0\u00b7\u00a0<a href=\"http:\/\/malaiseprogram.com\/site\/wp-content\/uploads\/2014\/12\/Senator-Gershaw-School_Species-List-1.pdf\" target=\"_blank\">Species List<\/a>\u00a0\u00b7\u00a0<a href=\"http:\/\/malaiseprogram.com\/site\/wp-content\/uploads\/2014\/12\/Senator-Gershaw-School_Image-library-1.pdf\" target=\"_blank\">Image Library<\/a><\/p>\n<h5>Calgary<\/h5>\n<p style=\"padding-left: 30px;\"><strong>Fr. Scollen School<\/strong><br \/>\n<em>Fall 2015:\u00a0<\/em><a href=\"http:\/\/malaiseprogram.com\/site\/wp-content\/uploads\/2015\/12\/Individual-Trap-Report_Fr.-Scollen-School.pdf\" target=\"_blank\" rel=\"\">Individual Report<\/a>\u00a0\u00b7\u00a0<a href=\"http:\/\/malaiseprogram.com\/site\/wp-content\/uploads\/2015\/12\/Fr-Scollen-School.pdf\" target=\"_blank\" rel=\"\">Species List<\/a>\u00a0\u00b7 <a href=\"http:\/\/malaiseprogram.com\/site\/wp-content\/uploads\/2014\/12\/FrScollenSchool-1.pdf\" target=\"_blank\" rel=\"\">Image Library<\/a><\/p>\n<p style=\"padding-left: 30px;\"><strong>Monsignor J.S. Smith School<\/strong><br \/>\n<em>Fall 2014:\u00a0<\/em><a href=\"http:\/\/malaiseprogram.com\/site\/wp-content\/uploads\/2014\/12\/Monsignor-JS-Smith-School_Individual-Report-1.pdf\" target=\"_blank\">Individual Report<\/a>\u00a0\u00b7\u00a0<a href=\"http:\/\/malaiseprogram.com\/site\/wp-content\/uploads\/2014\/12\/Monsignor-JS-Smith-School_Species-List-1.pdf\" target=\"_blank\">Species List<\/a>\u00a0\u00b7\u00a0<a href=\"http:\/\/malaiseprogram.com\/site\/wp-content\/uploads\/2014\/12\/Monsignor-JS-Smith-School_Image-library-1.pdf\" target=\"_blank\">Image Library<\/a><br \/>\n<em>Fall 2015:\u00a0<\/em><a href=\"http:\/\/malaiseprogram.com\/site\/wp-content\/uploads\/2015\/12\/Individual-Trap-Report_Monsignor-J.S.-Smith.pdf\" target=\"_blank\" rel=\"\">Individual Report<\/a>\u00a0\u00b7\u00a0<a href=\"http:\/\/malaiseprogram.com\/site\/wp-content\/uploads\/2015\/12\/Monsignor-JS-Smith.pdf\" target=\"_blank\" rel=\"\">Species List<\/a>\u00a0\u00b7 <a href=\"http:\/\/malaiseprogram.com\/site\/wp-content\/uploads\/2014\/12\/MonsignorJSSmith-1.pdf\" target=\"_blank\" rel=\"\">Image Library<\/a><\/p>\n<p style=\"padding-left: 30px;\"><strong>Our Lady of Peace School<\/strong><br \/>\n<em>Fall 2016:\u00a0<\/em><a href=\"http:\/\/malaiseprogram.com\/site\/wp-content\/uploads\/2016\/12\/Individual-Trap-Report_Our-Lady-of-Peace-School.pdf\">Individual Report<\/a>\u00a0\u00b7\u00a0<a href=\"http:\/\/malaiseprogram.com\/site\/wp-content\/uploads\/2016\/12\/FSMTP_2016_Individual_Species_List_Our-Lady-of-Peace-School.pdf\">Species List<\/a>\u00a0\u00b7\u00a0<a href=\"http:\/\/malaiseprogram.com\/site\/wp-content\/uploads\/2016\/12\/Image-Library_Our-Lady-of-Peace-School.pdf\">Image Library<\/a><\/p>\n<p style=\"padding-left: 30px;\"><strong>River Valley School<\/strong><br \/>\n<em>Fall 2014:\u00a0<\/em><a href=\"http:\/\/malaiseprogram.com\/site\/wp-content\/uploads\/2014\/12\/River-Valley-School_Individual-Report-1.pdf\" target=\"_blank\">Individual Report<\/a>\u00a0\u00b7\u00a0<a href=\"http:\/\/malaiseprogram.com\/site\/wp-content\/uploads\/2014\/12\/River-Valley-School_Species-List-1.pdf\" target=\"_blank\">Species List<\/a>\u00a0\u00b7\u00a0<a href=\"http:\/\/malaiseprogram.com\/site\/wp-content\/uploads\/2014\/12\/River-Valley-School_Image-library-1.pdf\" target=\"_blank\">Image Library<\/a><\/p>\n<p style=\"padding-left: 30px;\"><strong>St. Michael<\/strong><br \/>\n<em>Fall 2015:\u00a0<\/em><a href=\"http:\/\/malaiseprogram.com\/site\/wp-content\/uploads\/2015\/12\/Individual-Trap-Report_St.-Michael.pdf\" target=\"_blank\" rel=\"\">Individual Report<\/a>\u00a0\u00b7\u00a0<a href=\"http:\/\/malaiseprogram.com\/site\/wp-content\/uploads\/2015\/12\/St-Michael.pdf\" target=\"_blank\" rel=\"\">Species List<\/a>\u00a0\u00b7 <a href=\"http:\/\/malaiseprogram.com\/site\/wp-content\/uploads\/2014\/12\/StMichael-1.pdf\" target=\"_blank\" rel=\"\">Image Library<\/a><\/p>\n<p style=\"padding-left: 30px;\"><strong>W.O. Mitchell<\/strong><br \/>\n<em>Fall 2014:\u00a0<\/em><a href=\"http:\/\/malaiseprogram.com\/site\/wp-content\/uploads\/2014\/12\/W.O.-Mitchell_Individual-Report-1.pdf\" target=\"_blank\">Individual Report<\/a>\u00a0\u00b7\u00a0<a href=\"http:\/\/malaiseprogram.com\/site\/wp-content\/uploads\/2014\/12\/WO-Mitchell_Species-List-1.pdf\" target=\"_blank\">Species List<\/a>\u00a0\u00b7\u00a0<a href=\"http:\/\/malaiseprogram.com\/site\/wp-content\/uploads\/2014\/12\/W.O.-Mitchell-ES_Image-library-1.pdf\">Image Library<\/a><br \/>\n<em>Fall 2016: \u00a0<\/em><a href=\"http:\/\/malaiseprogram.com\/site\/wp-content\/uploads\/2016\/12\/Individual-Trap-Report_W.O.-Mitchell-School.pdf\">Individual Report<\/a>\u00a0\u00b7\u00a0<a href=\"http:\/\/malaiseprogram.com\/site\/wp-content\/uploads\/2016\/12\/FSMTP_2016_Individual_Species_List_W.O.-Mitchell-School.pdf\">Species List<\/a>\u00a0\u00b7\u00a0<a href=\"http:\/\/malaiseprogram.com\/site\/wp-content\/uploads\/2016\/12\/Image-Library_W.O.-Mitchell.pdf\">Image Library<\/a><\/p>\n<h5>\u00a0Drayton Valley<\/h5>\n<p style=\"padding-left: 30px;\"><strong>Evergreen Elementary School<\/strong><br \/>\n<em>Fall 2014:\u00a0<\/em><a href=\"http:\/\/malaiseprogram.com\/site\/wp-content\/uploads\/2014\/12\/Evergreen-Elementary-School_Individual-Report-1.pdf\" target=\"_blank\">Individual Report<\/a>\u00a0\u00b7\u00a0<a href=\"http:\/\/malaiseprogram.com\/site\/wp-content\/uploads\/2014\/12\/Evergreen-Elementary-School_Species-List-1.pdf\" target=\"_blank\">Species List<\/a>\u00a0\u00b7\u00a0<a href=\"http:\/\/malaiseprogram.com\/site\/wp-content\/uploads\/2014\/12\/Evergreen-Elementary-School_Image-library-1.pdf\" target=\"_blank\">Image Library<\/a><br \/>\n<em>Spring 2015: \u00a0<\/em><a href=\"http:\/\/malaiseprogram.com\/site\/wp-content\/uploads\/2015\/09\/Individual-Trap-Report_Evergreen-Elementary-School.pdf\" target=\"_blank\">Individual Report<\/a>\u00a0\u00b7\u00a0<a href=\"http:\/\/malaiseprogram.com\/site\/wp-content\/uploads\/2015\/09\/Species-List-Evergreen-Elementary-School.pdf\" target=\"_blank\">Species List<\/a>\u00a0\u00b7\u00a0<a href=\"http:\/\/malaiseprogram.com\/site\/wp-content\/uploads\/2015\/09\/EvergreenElementarySchool.pdf\" target=\"_blank\">Image Library<\/a><\/p>\n<h5>Edmonton<\/h5>\n<p style=\"padding-left: 30px;\"><strong>Bannerman Elementary School<\/strong><br \/>\n<em>Fall 2014:\u00a0<\/em><a href=\"http:\/\/malaiseprogram.com\/site\/wp-content\/uploads\/2014\/12\/Bannerman-Elementary-School_Individual-Report-1.pdf\" target=\"_blank\">Individual Report<\/a>\u00a0\u00b7\u00a0<a href=\"http:\/\/malaiseprogram.com\/site\/wp-content\/uploads\/2014\/12\/Bannerman-Elementary-School_Species-List-1.pdf\" target=\"_blank\">Species List<\/a>\u00a0\u00b7\u00a0<a href=\"http:\/\/malaiseprogram.com\/site\/wp-content\/uploads\/2014\/12\/Bannerman-ES_Image-library-1.pdf\" target=\"_blank\">Image Library<\/a><\/p>\n<p style=\"padding-left: 30px;\"><strong>Highlands School<\/strong><br \/>\n<em>Fall 2016:\u00a0<\/em><a href=\"http:\/\/malaiseprogram.com\/site\/wp-content\/uploads\/2016\/12\/Individual-Trap-Report_Highlands-School.pdf\">Individual Report<\/a>\u00a0\u00b7\u00a0<a href=\"http:\/\/malaiseprogram.com\/site\/wp-content\/uploads\/2016\/12\/FSMTP_2016_Individual_Species_List_Highlands-School.pdf\">Species List<\/a>\u00a0\u00b7\u00a0<a href=\"http:\/\/malaiseprogram.com\/site\/wp-content\/uploads\/2016\/12\/Image-Library_Highlands-School.pdf\">Image Library<\/a><\/p>\n<p style=\"padding-left: 30px;\"><strong>J.H. Picard<\/strong><br \/>\n<em>Spring 2015:\u00a0<\/em><a href=\"http:\/\/malaiseprogram.com\/site\/wp-content\/uploads\/2015\/09\/Individual-Trap-Report_J.H.-Picard.pdf\" target=\"_blank\">Individual Report<\/a>\u00a0\u00b7\u00a0<a href=\"http:\/\/malaiseprogram.com\/site\/wp-content\/uploads\/2015\/09\/Species-List-J.H.-Picard.pdf\" target=\"_blank\">Species List<\/a>\u00a0\u00b7\u00a0<a href=\"http:\/\/malaiseprogram.com\/site\/wp-content\/uploads\/2015\/09\/JHPicard.pdf\" target=\"_blank\">Image Library<\/a><\/p>\n<p style=\"padding-left: 30px;\"><strong>Kate Chegwin Jr. High School<\/strong><br \/>\n<em>Fall 2015:\u00a0<\/em><a href=\"http:\/\/malaiseprogram.com\/site\/wp-content\/uploads\/2015\/12\/Individual-Trap-Report_Kate-Chegwin-Jr.-High-School.pdf\" target=\"_blank\" rel=\"\">Individual Report<\/a>\u00a0\u00b7\u00a0<a href=\"http:\/\/malaiseprogram.com\/site\/wp-content\/uploads\/2015\/12\/Kate-Chegwin-Jr-High-School.pdf\" target=\"_blank\" rel=\"\">Species List<\/a>\u00a0\u00b7 <a href=\"http:\/\/malaiseprogram.com\/site\/wp-content\/uploads\/2014\/12\/KateChegwinJrHighSchool-1.pdf\" target=\"_blank\" rel=\"\">Image Library<\/a><\/p>\n<h5>Grande Prairie<\/h5>\n<p style=\"padding-left: 30px;\"><strong>Holy Cross Catholic School<\/strong><br \/>\n<em>Fall 2015:\u00a0<\/em><a href=\"http:\/\/malaiseprogram.com\/site\/wp-content\/uploads\/2015\/12\/Individual-Trap-Report_Holy-Cross-Catholic-School.pdf\" target=\"_blank\" rel=\"\">Individual Report<\/a>\u00a0\u00b7\u00a0<a href=\"http:\/\/malaiseprogram.com\/site\/wp-content\/uploads\/2015\/12\/Holy-Cross-Catholic-School.pdf\" target=\"_blank\" rel=\"\">Species List<\/a>\u00a0\u00b7 <a href=\"http:\/\/malaiseprogram.com\/site\/wp-content\/uploads\/2014\/12\/HolyCrossCatholicSchool-1.pdf\">Image Library<\/a><br \/>\n<em>Fall 2016:\u00a0<\/em><a href=\"http:\/\/malaiseprogram.com\/site\/wp-content\/uploads\/2016\/12\/Individual-Trap-Report_Holy-Cross-Catholic-School.pdf\">Individual Report<\/a>\u00a0\u00b7\u00a0<a href=\"http:\/\/malaiseprogram.com\/site\/wp-content\/uploads\/2016\/12\/FSMTP_2016_Individual_Species_List_Holy-Cross-Catholic-School.pdf\">Species List<\/a>\u00a0\u00b7\u00a0<a href=\"http:\/\/malaiseprogram.com\/site\/wp-content\/uploads\/2016\/12\/Image-Library_Holy-Cross.pdf\">Image Library<\/a><\/p>\n<h5>Innisfail<\/h5>\n<p style=\"padding-left: 30px;\"><strong>Spruce View School\u00a0<\/strong><br \/>\n<em>Spring 2015:\u00a0<\/em>\u00a0<a href=\"http:\/\/malaiseprogram.com\/site\/wp-content\/uploads\/2015\/09\/Individual-Trap-Report_Slave-Lake-Koinonia-Christian-School.pdf\" target=\"_blank\">Individual Report<\/a>\u00a0\u00b7\u00a0<a href=\"http:\/\/malaiseprogram.com\/site\/wp-content\/uploads\/2015\/09\/Species-List-Slave-Lake-Koinonia-Christian-School.pdf\" target=\"_blank\">Species List<\/a>\u00a0\u00b7\u00a0<a href=\"http:\/\/malaiseprogram.com\/site\/wp-content\/uploads\/2015\/09\/SlaveLakeKoinoniaCS.pdf\" target=\"_blank\">Image Library<\/a><\/p>\n<h5>Lethbridge<\/h5>\n<p style=\"padding-left: 30px;\"><strong>\u00c9cole Agnes Davidson Elementary School<\/strong><br \/>\n<em>Spring 2015:\u00a0<\/em><a href=\"http:\/\/malaiseprogram.com\/site\/wp-content\/uploads\/2015\/09\/Individual-Trap-Report_\u00c9cole-Agnes-Davidson-Elementary-School.pdf\" target=\"_blank\">Individual Report<\/a>\u00a0\u00b7\u00a0<a href=\"http:\/\/malaiseprogram.com\/site\/wp-content\/uploads\/2015\/09\/Liste-desp\u00e8ces-\u00c9cole-Agnes-Davidson.pdf\" target=\"_blank\">Species List<\/a>\u00a0\u00b7\u00a0<a href=\"http:\/\/malaiseprogram.com\/site\/wp-content\/uploads\/2015\/09\/EcoleAgnesDavidsonES.pdf\" target=\"_blank\">Image Library<\/a><\/p>\n<p style=\"padding-left: 30px;\"><strong>Helen Schuler Nature Centre<\/strong><br \/>\n<em>Fall\u00a02016:\u00a0<\/em><a href=\"http:\/\/malaiseprogram.com\/site\/wp-content\/uploads\/2016\/12\/Individual-Trap-Report_Helen-Schuler-Nature-Centre.pdf\">Individual Report<\/a>\u00a0\u00b7\u00a0<a href=\"http:\/\/malaiseprogram.com\/site\/wp-content\/uploads\/2016\/12\/FSMTP_2016_Individual_Species_List_Helen-Schuler-NC.pdf\">Species List<\/a>\u00a0\u00b7\u00a0<a href=\"http:\/\/malaiseprogram.com\/site\/wp-content\/uploads\/2016\/12\/Image-Library_Helen-Schuler.pdf\">Image Library<\/a><\/p>\n<h5>Slave Lake<\/h5>\n<p style=\"padding-left: 30px;\"><strong>Slave Lake Koinonia Christian School<\/strong><br \/>\n<em>Spring 2015:\u00a0<\/em><a href=\"http:\/\/malaiseprogram.com\/site\/wp-content\/uploads\/2015\/09\/Individual-Trap-Report_Slave-Lake-Koinonia-Christian-School.pdf\" target=\"_blank\">Individual Report<\/a>\u00a0\u00b7\u00a0<a href=\"http:\/\/malaiseprogram.com\/site\/wp-content\/uploads\/2015\/09\/Species-List-Slave-Lake-Koinonia-Christian-School.pdf\" target=\"_blank\">Species List<\/a>\u00a0\u00b7\u00a0<a href=\"http:\/\/malaiseprogram.com\/site\/wp-content\/uploads\/2015\/09\/SlaveLakeKoinoniaCS.pdf\" target=\"_blank\">Image Library<\/a><\/p>\n<h5>Sundre<\/h5>\n<p style=\"padding-left: 30px;\"><strong>Sundre High School<\/strong><br \/>\n<em>Fall 2015:<\/em>\u00a0<a href=\"http:\/\/malaiseprogram.com\/site\/wp-content\/uploads\/2015\/12\/Individual-Trap-Report_Sundre-High-School.pdf\" target=\"_blank\" rel=\"\">Individual Report<\/a>\u00a0\u00b7\u00a0<a href=\"http:\/\/malaiseprogram.com\/site\/wp-content\/uploads\/2015\/12\/Sundre-High-School.pdf\" target=\"_blank\" rel=\"\">Species List<\/a>\u00a0\u00b7 <a href=\"http:\/\/malaiseprogram.com\/site\/wp-content\/uploads\/2014\/12\/SundreHighSchool-1.pdf\" target=\"_blank\" rel=\"\">Image Library<\/a><\/p>\n<h5>Stony Plain<\/h5>\n<p style=\"padding-left: 30px;\"><strong>Blueberry\u00a0School<\/strong><br \/>\n<em>Fall 2016:<\/em>\u00a0<a href=\"http:\/\/malaiseprogram.com\/site\/wp-content\/uploads\/2016\/12\/Individual-Trap-Report_Blueberry-School.pdf\">Individual Report<\/a>\u00a0\u00b7\u00a0<a href=\"http:\/\/malaiseprogram.com\/site\/wp-content\/uploads\/2016\/12\/FSMTP_2016_Individual_Species_List_Blueberry.pdf\">Species List<\/a>\u00a0\u00b7 <a href=\"http:\/\/malaiseprogram.com\/site\/wp-content\/uploads\/2016\/12\/Image-Library_Blueberry.pdf\">Image Library<\/a><\/p>\n<h5>Two Hills<\/h5>\n<p style=\"padding-left: 30px;\"><strong>Two Hills School<\/strong><br \/>\n<em>Fall 2015:\u00a0<\/em><a href=\"http:\/\/malaiseprogram.com\/site\/wp-content\/uploads\/2015\/12\/Individual-Trap-Report_Two-Hills-School.pdf\" target=\"_blank\" rel=\"\">Individual Report<\/a>\u00a0\u00a0\u00b7\u00a0<a href=\"http:\/\/malaiseprogram.com\/site\/wp-content\/uploads\/2015\/12\/Two-Hills-School.pdf\" target=\"_blank\" rel=\"\">Species List<\/a>\u00a0\u00b7 <a href=\"http:\/\/malaiseprogram.com\/site\/wp-content\/uploads\/2014\/12\/TwoHillsSchool-1.pdf\" target=\"_blank\" rel=\"\">Image Library<\/a><\/p>","protected":false},"excerpt":{"rendered":"<p>Ci-dessous, vous pouvez acc\u00e9der aux rapports scolaires individuels des \u00e9ditions pr\u00e9c\u00e9dentes du Programme Scolaire de trappe Malaise, avec les \u00e9coles r\u00e9pertori\u00e9es par ville. Ardrossan New Horizons School Spring 2015:\u00a0Individual Report\u00a0\u00b7\u00a0Species List\u00a0\u00b7\u00a0Image Library Fall 2015:\u00a0Individual Report\u00a0\u00b7\u00a0Species List\u00a0\u00b7 Image Library Black Diamond Oilfields High School Fall 2014:\u00a0Individual Report\u00a0\u00b7\u00a0Species List\u00a0\u00b7\u00a0Image Library Bow Island Senator Gershaw School Fall 2014:\u00a0Individual &hellip; <a href=\"http:\/\/malaiseprogram.com\/fr\/how-it-works\/the-results\/school-reports\/alberta-ab\/\" class=\"more-link\">Continuer la lecture de <span class=\"screen-reader-text\">Alberta<\/span>  <span class=\"meta-nav\">&rarr;<\/span><\/a><\/p>\n","protected":false},"author":266,"featured_media":0,"parent":1463,"menu_order":0,"comment_status":"closed","ping_status":"closed","template":"","meta":{"_monsterinsights_skip_tracking":false,"_monsterinsights_sitenote_active":false,"_monsterinsights_sitenote_note":"","_monsterinsights_sitenote_category":0,"footnotes":""},"class_list":["post-1465","page","type-page","status-publish","hentry"],"_links":{"self":[{"href":"http:\/\/malaiseprogram.com\/fr\/wp-json\/wp\/v2\/pages\/1465","targetHints":{"allow":["GET"]}}],"collection":[{"href":"http:\/\/malaiseprogram.com\/fr\/wp-json\/wp\/v2\/pages"}],"about":[{"href":"http:\/\/malaiseprogram.com\/fr\/wp-json\/wp\/v2\/types\/page"}],"author":[{"embeddable":true,"href":"http:\/\/malaiseprogram.com\/fr\/wp-json\/wp\/v2\/users\/266"}],"replies":[{"embeddable":true,"href":"http:\/\/malaiseprogram.com\/fr\/wp-json\/wp\/v2\/comments?post=1465"}],"version-history":[{"count":7,"href":"http:\/\/malaiseprogram.com\/fr\/wp-json\/wp\/v2\/pages\/1465\/revisions"}],"predecessor-version":[{"id":6102,"href":"http:\/\/malaiseprogram.com\/fr\/wp-json\/wp\/v2\/pages\/1465\/revisions\/6102"}],"up":[{"embeddable":true,"href":"http:\/\/malaiseprogram.com\/fr\/wp-json\/wp\/v2\/pages\/1463"}],"wp:attachment":[{"href":"http:\/\/malaiseprogram.com\/fr\/wp-json\/wp\/v2\/media?parent=1465"}],"curies":[{"name":"wp","href":"https:\/\/api.w.org\/{rel}","templated":true}]}}