{"id":1472,"date":"2014-12-11T12:57:00","date_gmt":"2014-12-11T12:57:00","guid":{"rendered":"http:\/\/malaiseprogram.ca\/?page_id=1472"},"modified":"2016-12-07T20:29:13","modified_gmt":"2016-12-07T20:29:13","slug":"new-brunswick-nb","status":"publish","type":"page","link":"http:\/\/malaiseprogram.com\/fr\/how-it-works\/the-results\/school-reports\/new-brunswick-nb\/","title":{"rendered":"New Brunswick"},"content":{"rendered":"Ci-dessous, vous pouvez acc\u00e9der aux rapports scolaires individuels des \u00e9ditions pr\u00e9c\u00e9dentes du Programme Scolaire de trappe Malaise, avec les \u00e9coles r\u00e9pertori\u00e9es par ville.<\/p>\n<h5>Florenceville-Bristol<\/h5>\n<p style=\"padding-left: 30px;\"><strong>Carleton North High School<\/strong><br \/>\n<em>Fall 2014:<\/em>\u00a0<a href=\"http:\/\/malaiseprogram.com\/site\/wp-content\/uploads\/2014\/12\/Carleton-North-High-School_Individual-Report-1.pdf\" target=\"_blank\">Individual Report<\/a>\u00a0\u00b7\u00a0<a href=\"http:\/\/malaiseprogram.com\/site\/wp-content\/uploads\/2014\/12\/Carleton-North-High-School_Species-List-1.pdf\" target=\"_blank\">Species List<\/a>\u00a0\u00b7\u00a0<a href=\"http:\/\/malaiseprogram.com\/site\/wp-content\/uploads\/2014\/12\/Carleton-North-HS_Image-library-1.pdf\" target=\"_blank\">Image Library<\/a><\/p>\n<p style=\"padding-left: 30px;\"><strong>Florenceville Middle School<\/strong><br \/>\n<em>Spring 2015:\u00a0<\/em><a href=\"http:\/\/malaiseprogram.com\/site\/wp-content\/uploads\/2015\/09\/Individual-Trap-Report_Florenceville-Middle-School.pdf\" target=\"_blank\">Individual Report<\/a>\u00a0\u00b7\u00a0<a href=\"http:\/\/malaiseprogram.com\/site\/wp-content\/uploads\/2015\/09\/Species-List-Florenceville-Middle-School.pdf\" target=\"_blank\">Species List<\/a>\u00a0\u00b7\u00a0<a href=\"http:\/\/malaiseprogram.com\/site\/wp-content\/uploads\/2015\/09\/FlorencevilleMiddleSchool.pdf\" target=\"_blank\">Image Library<\/a><\/p>\n<h5>Fredericton<\/h5>\n<p style=\"padding-left: 30px;\"><strong>Devon Middle School<\/strong><br \/>\n<em>Fall\u00a02016:\u00a0<\/em><a href=\"http:\/\/malaiseprogram.com\/site\/wp-content\/uploads\/2016\/12\/Individual-Trap-Report_Devon-Middle-School.pdf\">Individual Report<\/a>\u00a0\u00b7\u00a0<a href=\"http:\/\/malaiseprogram.com\/site\/wp-content\/uploads\/2016\/12\/FSMTP_2016_Individual_Species_List_Devon-Middle-School.pdf\">Species List<\/a>\u00a0\u00b7\u00a0<a href=\"http:\/\/malaiseprogram.com\/site\/wp-content\/uploads\/2016\/12\/Image-Library_Devon-Middle-School.pdf\">Image Library<\/a><\/p>\n<h5>Grand Bay-Westfield<\/h5>\n<p style=\"padding-left: 30px;\"><strong>Inglewood School<\/strong><br \/>\n<em>Fall\u00a02016:\u00a0<\/em><a href=\"http:\/\/malaiseprogram.com\/site\/wp-content\/uploads\/2016\/12\/Individual-Trap-Report_Inglewood-School.pdf\">Individual Report<\/a>\u00a0\u00b7\u00a0<a href=\"http:\/\/malaiseprogram.com\/site\/wp-content\/uploads\/2016\/12\/FSMTP_2016_Individual_Species_List_Inglewood-School.pdf\">Species List<\/a>\u00a0\u00b7\u00a0<a href=\"http:\/\/malaiseprogram.com\/site\/wp-content\/uploads\/2016\/12\/Image-Library_Inglewood.pdf\">Image Library<\/a><\/p>\n<h5>Moncton<\/h5>\n<p style=\"padding-left: 30px;\"><strong>Petitcodiac Regional School<\/strong><br \/>\n<em>Spring 2015:\u00a0<\/em><a href=\"http:\/\/malaiseprogram.com\/site\/wp-content\/uploads\/2015\/09\/Individual-Trap-Report_Petitcodiac-Regional-School.pdf\" target=\"_blank\">Individual Report<\/a>\u00a0\u00b7\u00a0<a href=\"http:\/\/malaiseprogram.com\/site\/wp-content\/uploads\/2015\/09\/Species-List-Petitcodiac-Regional-School.pdf\" target=\"_blank\">Species List<\/a>\u00a0\u00b7\u00a0<a href=\"http:\/\/malaiseprogram.com\/site\/wp-content\/uploads\/2015\/09\/PetitcodiacRegionalSchool.pdf\" target=\"_blank\">Image Library<\/a><\/p>\n<p style=\"padding-left: 30px;\"><strong>Moncton High School<\/strong><br \/>\n<em>Fall 2015:\u00a0<\/em><a href=\"http:\/\/malaiseprogram.com\/site\/wp-content\/uploads\/2015\/12\/Individual-Trap-Report_Moncton-High-School.pdf\" target=\"_blank\" rel=\"\">Individual Report<\/a>\u00a0\u00b7\u00a0<a href=\"http:\/\/malaiseprogram.com\/site\/wp-content\/uploads\/2015\/12\/Moncton-High-School.pdf\" target=\"_blank\" rel=\"\">Species List<\/a>\u00a0\u00b7 <a href=\"http:\/\/malaiseprogram.com\/site\/wp-content\/uploads\/2014\/12\/MonctonHighSchool-1.pdf\" target=\"_blank\" rel=\"\">Image Library<\/a><\/p>\n<h5>Rothesay<\/h5>\n<p style=\"padding-left: 30px;\"><strong>Rothesay Park School <\/strong><br \/>\n<em>Fall 2014:\u00a0<\/em><a href=\"http:\/\/malaiseprogram.com\/site\/wp-content\/uploads\/2014\/12\/Rothesay-Park-School_Individual-Report-1.pdf\" target=\"_blank\">Individual Report<\/a>\u00a0\u00b7\u00a0<a href=\"http:\/\/malaiseprogram.com\/site\/wp-content\/uploads\/2014\/12\/Rothesay-Park-School_Species-List-1.pdf\" target=\"_blank\">Species List<\/a>\u00a0\u00b7\u00a0<a href=\"http:\/\/malaiseprogram.com\/site\/wp-content\/uploads\/2014\/12\/Rothesay-Park-School_Image-library-1.pdf\" target=\"_blank\">Image Library<\/a><br \/>\n<em>Fall 2015:\u00a0<\/em><a href=\"http:\/\/malaiseprogram.com\/site\/wp-content\/uploads\/2015\/12\/Individual-Trap-Report_Rothesay-Park-School.pdf\" target=\"_blank\" rel=\"\">Individual Report<\/a>\u00a0\u00b7\u00a0<a href=\"http:\/\/malaiseprogram.com\/site\/wp-content\/uploads\/2015\/12\/Rothesay-Park-School.pdf\" target=\"_blank\" rel=\"\">Species List<\/a>\u00a0\u00b7 <a href=\"http:\/\/malaiseprogram.com\/site\/wp-content\/uploads\/2014\/12\/RothesayParkSchool-1.pdf\" target=\"_blank\" rel=\"\">Image Library<\/a><\/p>\n<h5>Salisbury<\/h5>\n<p style=\"padding-left: 30px;\"><strong>Salisbury Middle School<\/strong><br \/>\n<em>Spring 2015:\u00a0<\/em><a href=\"http:\/\/malaiseprogram.com\/site\/wp-content\/uploads\/2015\/09\/Individual-Trap-Report_Salisbury-Middle-School.pdf\" target=\"_blank\">Individual Report<\/a>\u00a0\u00b7\u00a0<a href=\"http:\/\/malaiseprogram.com\/site\/wp-content\/uploads\/2015\/09\/Species-List-Salisbury-Middle-School.pdf\" target=\"_blank\">Species List<\/a>\u00a0\u00b7\u00a0<a href=\"http:\/\/malaiseprogram.com\/site\/wp-content\/uploads\/2015\/09\/SalisburyMiddleSchool.pdf\" target=\"_blank\">Image Library<\/a><\/p>\n<h5>Springfield<\/h5>\n<p style=\"padding-left: 30px;\"><strong>Belleisle Regional High School<\/strong><br \/>\n<em>Spring 2015:<\/em>\u00a0<a href=\"http:\/\/malaiseprogram.com\/site\/wp-content\/uploads\/2015\/09\/Individual-Trap-Report_Belleisle-Regional-High-School.pdf\" target=\"_blank\">Individual Report<\/a>\u00a0\u00b7\u00a0<a href=\"http:\/\/malaiseprogram.com\/site\/wp-content\/uploads\/2015\/09\/Species-List-Belleisle-Regional-High-School.pdf\" target=\"_blank\">Species List<\/a>\u00a0\u00b7\u00a0<a href=\"http:\/\/malaiseprogram.com\/site\/wp-content\/uploads\/2015\/09\/BelleisleRegionalHS.pdf\" target=\"_blank\">Image Library<\/a><br \/>\n<em>Fall 2015:\u00a0<\/em><a href=\"http:\/\/malaiseprogram.com\/site\/wp-content\/uploads\/2015\/12\/Individual-Trap-Report_Belleisle-Regional-High-School.pdf\" target=\"_blank\" rel=\"\">Individual Report<\/a>\u00a0\u00b7\u00a0<a href=\"http:\/\/malaiseprogram.com\/site\/wp-content\/uploads\/2015\/12\/Belleisle-Regional-High-School.pdf\" target=\"_blank\" rel=\"\">Species List<\/a>\u00a0\u00b7 <a href=\"http:\/\/malaiseprogram.com\/site\/wp-content\/uploads\/2014\/12\/BelleisleRegionalHS-1.pdf\" target=\"_blank\" rel=\"\">Image Library<\/a><\/p>","protected":false},"excerpt":{"rendered":"<p>Ci-dessous, vous pouvez acc\u00e9der aux rapports scolaires individuels des \u00e9ditions pr\u00e9c\u00e9dentes du Programme Scolaire de trappe Malaise, avec les \u00e9coles r\u00e9pertori\u00e9es par ville. Florenceville-Bristol Carleton North High School Fall 2014:\u00a0Individual Report\u00a0\u00b7\u00a0Species List\u00a0\u00b7\u00a0Image Library Florenceville Middle School Spring 2015:\u00a0Individual Report\u00a0\u00b7\u00a0Species List\u00a0\u00b7\u00a0Image Library Fredericton Devon Middle School Fall\u00a02016:\u00a0Individual Report\u00a0\u00b7\u00a0Species List\u00a0\u00b7\u00a0Image Library Grand Bay-Westfield Inglewood School Fall\u00a02016:\u00a0Individual Report\u00a0\u00b7\u00a0Species &hellip; <a href=\"http:\/\/malaiseprogram.com\/fr\/how-it-works\/the-results\/school-reports\/new-brunswick-nb\/\" class=\"more-link\">Continuer la lecture de <span class=\"screen-reader-text\">New Brunswick<\/span>  <span class=\"meta-nav\">&rarr;<\/span><\/a><\/p>\n","protected":false},"author":266,"featured_media":0,"parent":1463,"menu_order":0,"comment_status":"closed","ping_status":"closed","template":"","meta":{"_monsterinsights_skip_tracking":false,"_monsterinsights_sitenote_active":false,"_monsterinsights_sitenote_note":"","_monsterinsights_sitenote_category":0,"footnotes":""},"class_list":["post-1472","page","type-page","status-publish","hentry"],"_links":{"self":[{"href":"http:\/\/malaiseprogram.com\/fr\/wp-json\/wp\/v2\/pages\/1472","targetHints":{"allow":["GET"]}}],"collection":[{"href":"http:\/\/malaiseprogram.com\/fr\/wp-json\/wp\/v2\/pages"}],"about":[{"href":"http:\/\/malaiseprogram.com\/fr\/wp-json\/wp\/v2\/types\/page"}],"author":[{"embeddable":true,"href":"http:\/\/malaiseprogram.com\/fr\/wp-json\/wp\/v2\/users\/266"}],"replies":[{"embeddable":true,"href":"http:\/\/malaiseprogram.com\/fr\/wp-json\/wp\/v2\/comments?post=1472"}],"version-history":[{"count":6,"href":"http:\/\/malaiseprogram.com\/fr\/wp-json\/wp\/v2\/pages\/1472\/revisions"}],"predecessor-version":[{"id":6105,"href":"http:\/\/malaiseprogram.com\/fr\/wp-json\/wp\/v2\/pages\/1472\/revisions\/6105"}],"up":[{"embeddable":true,"href":"http:\/\/malaiseprogram.com\/fr\/wp-json\/wp\/v2\/pages\/1463"}],"wp:attachment":[{"href":"http:\/\/malaiseprogram.com\/fr\/wp-json\/wp\/v2\/media?parent=1472"}],"curies":[{"name":"wp","href":"https:\/\/api.w.org\/{rel}","templated":true}]}}