{"id":1481,"date":"2014-12-11T12:59:57","date_gmt":"2014-12-11T12:59:57","guid":{"rendered":"http:\/\/malaiseprogram.ca\/?page_id=1481"},"modified":"2016-12-07T20:30:38","modified_gmt":"2016-12-07T20:30:38","slug":"northwest-territories-nt","status":"publish","type":"page","link":"http:\/\/malaiseprogram.com\/fr\/how-it-works\/the-results\/school-reports\/northwest-territories-nt\/","title":{"rendered":"Northwest Territories"},"content":{"rendered":"Ci-dessous, vous pouvez acc\u00e9der aux rapports scolaires individuels des \u00e9ditions pr\u00e9c\u00e9dentes du Programme Scolaire de trappe Malaise, avec les \u00e9coles r\u00e9pertori\u00e9es par ville.<\/p>\n<h5>Fort Providence<\/h5>\n<p style=\"padding-left: 30px;\"><strong>Deh G\u00e1h Elementary and Secondary School<\/strong><br \/>\n<em>Fall 2014:\u00a0<\/em><a href=\"http:\/\/malaiseprogram.com\/site\/wp-content\/uploads\/2014\/12\/Deh-G\u00e1h-Elementary-and-Secondary-School_Individual-Report-1.pdf\" target=\"_blank\">Individual Report<\/a>\u00a0\u00b7\u00a0<a href=\"http:\/\/malaiseprogram.com\/site\/wp-content\/uploads\/2014\/12\/Deh-Gah-Elementary-SS_Species-List-1.pdf\" target=\"_blank\">Species List<\/a>\u00a0\u00b7\u00a0<a href=\"http:\/\/malaiseprogram.com\/site\/wp-content\/uploads\/2014\/12\/Deh-Gah-Elementary-SS_Image-library-1.pdf\" target=\"_blank\">Image Library<\/a><\/p>\n<h5>Yellowknife<\/h5>\n<p style=\"padding-left: 30px;\"><strong>\u00c9cole St. Patrick High School<\/strong><br \/>\n<em>Fall 2016:\u00a0<\/em><a href=\"http:\/\/malaiseprogram.com\/site\/wp-content\/uploads\/2016\/12\/Individual-Trap-Report_\u00c9cole-St.-Patrick-High-School.pdf\">Individual Report<\/a>\u00a0\u00b7\u00a0<a href=\"http:\/\/malaiseprogram.com\/site\/wp-content\/uploads\/2016\/12\/FSMTP_2016_Individual_Species_List_Ecole-St.-Patrick-HS.pdf\">Species List<\/a>\u00a0\u00b7\u00a0<a href=\"http:\/\/malaiseprogram.com\/site\/wp-content\/uploads\/2016\/12\/Image-Library_Ecole-St-Patrick.pdf\">Image Library<\/a><\/p>","protected":false},"excerpt":{"rendered":"<p>Ci-dessous, vous pouvez acc\u00e9der aux rapports scolaires individuels des \u00e9ditions pr\u00e9c\u00e9dentes du Programme Scolaire de trappe Malaise, avec les \u00e9coles r\u00e9pertori\u00e9es par ville. Fort Providence Deh G\u00e1h Elementary and Secondary School Fall 2014:\u00a0Individual Report\u00a0\u00b7\u00a0Species List\u00a0\u00b7\u00a0Image Library Yellowknife \u00c9cole St. Patrick High School Fall 2016:\u00a0Individual Report\u00a0\u00b7\u00a0Species List\u00a0\u00b7\u00a0Image Library<\/p>\n","protected":false},"author":266,"featured_media":0,"parent":1463,"menu_order":0,"comment_status":"closed","ping_status":"closed","template":"","meta":{"_monsterinsights_skip_tracking":false,"_monsterinsights_sitenote_active":false,"_monsterinsights_sitenote_note":"","_monsterinsights_sitenote_category":0,"footnotes":""},"class_list":["post-1481","page","type-page","status-publish","hentry"],"_links":{"self":[{"href":"http:\/\/malaiseprogram.com\/fr\/wp-json\/wp\/v2\/pages\/1481","targetHints":{"allow":["GET"]}}],"collection":[{"href":"http:\/\/malaiseprogram.com\/fr\/wp-json\/wp\/v2\/pages"}],"about":[{"href":"http:\/\/malaiseprogram.com\/fr\/wp-json\/wp\/v2\/types\/page"}],"author":[{"embeddable":true,"href":"http:\/\/malaiseprogram.com\/fr\/wp-json\/wp\/v2\/users\/266"}],"replies":[{"embeddable":true,"href":"http:\/\/malaiseprogram.com\/fr\/wp-json\/wp\/v2\/comments?post=1481"}],"version-history":[{"count":6,"href":"http:\/\/malaiseprogram.com\/fr\/wp-json\/wp\/v2\/pages\/1481\/revisions"}],"predecessor-version":[{"id":6107,"href":"http:\/\/malaiseprogram.com\/fr\/wp-json\/wp\/v2\/pages\/1481\/revisions\/6107"}],"up":[{"embeddable":true,"href":"http:\/\/malaiseprogram.com\/fr\/wp-json\/wp\/v2\/pages\/1463"}],"wp:attachment":[{"href":"http:\/\/malaiseprogram.com\/fr\/wp-json\/wp\/v2\/media?parent=1481"}],"curies":[{"name":"wp","href":"https:\/\/api.w.org\/{rel}","templated":true}]}}