{"id":1487,"date":"2014-12-11T13:01:30","date_gmt":"2014-12-11T13:01:30","guid":{"rendered":"http:\/\/malaiseprogram.ca\/?page_id=1487"},"modified":"2016-06-24T20:52:39","modified_gmt":"2016-06-24T20:52:39","slug":"prince-edward-island-pe","status":"publish","type":"page","link":"http:\/\/malaiseprogram.com\/fr\/how-it-works\/the-results\/school-reports\/prince-edward-island-pe\/","title":{"rendered":"Prince Edward Island"},"content":{"rendered":"Ci-dessous, vous pouvez acc\u00e9der aux rapports scolaires individuels des \u00e9ditions pr\u00e9c\u00e9dentes du Programme Scolaire de trappe Malaise, avec les \u00e9coles r\u00e9pertori\u00e9es par ville.<\/p>\n<h5>Miscouche<\/h5>\n<p style=\"padding-left: 30px;\"><strong>Miscouche Consolidated School<\/strong><br \/>\n<em>Spring 2015:\u00a0<\/em>\u00a0<a href=\"http:\/\/malaiseprogram.com\/site\/wp-content\/uploads\/2015\/09\/Individual-Trap-Report_Miscouche-Consolidated-School.pdf\" target=\"_blank\">Individual Report<\/a>\u00a0\u00b7\u00a0<a href=\"http:\/\/malaiseprogram.com\/site\/wp-content\/uploads\/2015\/09\/Species-List-Miscouche-Consolidated-School.pdf\" target=\"_blank\">Species List<\/a>\u00a0\u00b7\u00a0<a href=\"http:\/\/malaiseprogram.com\/site\/wp-content\/uploads\/2015\/09\/MiscoucheConsolidated.pdf\" target=\"_blank\">Image Library<\/a><br \/>\n<em>Fall 2015:\u00a0<\/em><a href=\"http:\/\/malaiseprogram.com\/site\/wp-content\/uploads\/2015\/12\/Individual-Trap-Report_Miscouche-Consolidated-School.pdf\" target=\"_blank\" rel=\"\">Individual Report<\/a>\u00a0\u00b7\u00a0<a href=\"http:\/\/malaiseprogram.com\/site\/wp-content\/uploads\/2015\/12\/Miscouche-Consolidated-School.pdf\" target=\"_blank\" rel=\"\">Species List<\/a>\u00a0\u00b7 <a href=\"http:\/\/malaiseprogram.com\/site\/wp-content\/uploads\/2014\/12\/MiscoucheConsolidatedSchool-1.pdf\" target=\"_blank\" rel=\"\">Image Library<\/a><\/p>","protected":false},"excerpt":{"rendered":"<p>Ci-dessous, vous pouvez acc\u00e9der aux rapports scolaires individuels des \u00e9ditions pr\u00e9c\u00e9dentes du Programme Scolaire de trappe Malaise, avec les \u00e9coles r\u00e9pertori\u00e9es par ville. Miscouche Miscouche Consolidated School Spring 2015:\u00a0\u00a0Individual Report\u00a0\u00b7\u00a0Species List\u00a0\u00b7\u00a0Image Library Fall 2015:\u00a0Individual Report\u00a0\u00b7\u00a0Species List\u00a0\u00b7 Image Library<\/p>\n","protected":false},"author":266,"featured_media":0,"parent":1463,"menu_order":0,"comment_status":"closed","ping_status":"closed","template":"","meta":{"_monsterinsights_skip_tracking":false,"_monsterinsights_sitenote_active":false,"_monsterinsights_sitenote_note":"","_monsterinsights_sitenote_category":0,"footnotes":""},"class_list":["post-1487","page","type-page","status-publish","hentry"],"_links":{"self":[{"href":"http:\/\/malaiseprogram.com\/fr\/wp-json\/wp\/v2\/pages\/1487","targetHints":{"allow":["GET"]}}],"collection":[{"href":"http:\/\/malaiseprogram.com\/fr\/wp-json\/wp\/v2\/pages"}],"about":[{"href":"http:\/\/malaiseprogram.com\/fr\/wp-json\/wp\/v2\/types\/page"}],"author":[{"embeddable":true,"href":"http:\/\/malaiseprogram.com\/fr\/wp-json\/wp\/v2\/users\/266"}],"replies":[{"embeddable":true,"href":"http:\/\/malaiseprogram.com\/fr\/wp-json\/wp\/v2\/comments?post=1487"}],"version-history":[{"count":1,"href":"http:\/\/malaiseprogram.com\/fr\/wp-json\/wp\/v2\/pages\/1487\/revisions"}],"predecessor-version":[{"id":5192,"href":"http:\/\/malaiseprogram.com\/fr\/wp-json\/wp\/v2\/pages\/1487\/revisions\/5192"}],"up":[{"embeddable":true,"href":"http:\/\/malaiseprogram.com\/fr\/wp-json\/wp\/v2\/pages\/1463"}],"wp:attachment":[{"href":"http:\/\/malaiseprogram.com\/fr\/wp-json\/wp\/v2\/media?parent=1487"}],"curies":[{"name":"wp","href":"https:\/\/api.w.org\/{rel}","templated":true}]}}