{"id":34,"date":"2014-07-28T15:55:21","date_gmt":"2014-07-28T15:55:21","guid":{"rendered":"http:\/\/malaiseprogram.ca\/?page_id=34"},"modified":"2017-01-13T15:03:42","modified_gmt":"2017-01-13T15:03:42","slug":"the-results","status":"publish","type":"page","link":"http:\/\/malaiseprogram.com\/fr\/how-it-works\/the-results\/","title":{"rendered":"Les R\u00e9sultats!"},"content":{"rendered":"<p class=\"Corps\"><span lang=\"FR\">Le Programme Scolaire de trappe Malaise a donn\u00e9 une opportunit\u00e9 unique \u00e0 le <a href=\"http:\/\/biodiversitygenomics.net\">Centre pour Biodiversit\u00e9 Genomiques<\/a> pour \u00eatre activement impliqu\u00e9, et a inspir\u00e9 les jeunes \u00e0 travers l\u2019Am\u00e9rique du Nord \u00e0 devenir plus familier avec leur biodiversit\u00e9 locale et l\u2019importance de la gestion environnementale. Depuis son lancement en 2013, le Programme Scolaire de trappe Malaise a atteint plus de <strong>300<\/strong> \u00e9coles, <strong>15 000<\/strong>\u00a0\u00e9tudiants et a collect\u00e9 et tri\u00e9 pr\u00e8s de <strong>322 000<\/strong>\u00a0insectes qui ont \u00e9t\u00e9 attrap\u00e9s dans les cours d\u2019\u00e9cole des classes participantes.<\/span><\/p>\n<p style=\"text-align: justify;\"><img loading=\"lazy\" decoding=\"async\" class=\"wp-image-4739 alignleft\" src=\"http:\/\/malaiseprogram.com\/site\/wp-content\/uploads\/2014\/07\/Results2-1-1024x1024.jpg\" alt=\"Results2\" width=\"223\" height=\"223\" srcset=\"http:\/\/malaiseprogram.com\/site\/wp-content\/uploads\/2014\/07\/Results2-1-1024x1024.jpg 1024w, http:\/\/malaiseprogram.com\/site\/wp-content\/uploads\/2014\/07\/Results2-1-150x150.jpg 150w, http:\/\/malaiseprogram.com\/site\/wp-content\/uploads\/2014\/07\/Results2-1-300x300.jpg 300w, http:\/\/malaiseprogram.com\/site\/wp-content\/uploads\/2014\/07\/Results2-1-768x768.jpg 768w, http:\/\/malaiseprogram.com\/site\/wp-content\/uploads\/2014\/07\/Results2-1.jpg 1104w\" sizes=\"auto, (max-width: 223px) 100vw, 223px\" \/><\/p>\n<p>Beaucoup plus impressionnantes encore sont les d\u00e9couvertes scientifiques associ\u00e9es au Programme Scolaire de trappe Malaise. Jusqu&rsquo;\u00e0 pr\u00e9sent, l&rsquo;\u00e9quipe du Programme Scolaire de trappe Malaise a s\u00e9quenc\u00e9 plus de <strong>85 000<\/strong>\u00a0insectes repr\u00e9sentant plus de <strong>8 000<\/strong>\u00a0esp\u00e8ces diff\u00e9rentes! En outre, plus de <strong>1 200\u00a0<\/strong>de ces esp\u00e8ces collect\u00e9es \u00e9taient nouvelles pour le <a href=\"http:\/\/boldsystems.org\/\">Barcode of Life Data Systems<\/a>. Cela signifie que nous avons \u00e9t\u00e9 en mesure d&rsquo;attribuer un barcode d\u2019ADN et de r\u00e9f\u00e9rencer ces donn\u00e9es pour chacune de ces esp\u00e8ces afin qu&rsquo;elles puissent \u00eatre facilement identifi\u00e9es et accessibles par les experts \u00e0 travers le monde entier.<\/p>\n<h4>R\u00e9sultats des \u00c9ditions pr\u00e9c\u00e9dantes:<\/h4>\n<h6 style=\"text-align: justify;\"><a href=\"http:\/\/malaiseprogram.com\/how-it-works\/the-results\/spring-2015\/\"> Printemps 2015<\/a>\u00a0\u2022 <a href=\"http:\/\/malaiseprogram.com\/fall-2015\/\"> Automne 2015<\/a><\/h6>\n<h6 style=\"text-align: justify;\"><a href=\"http:\/\/malaiseprogram.com\/how-it-works\/the-results\/spring-2014\/\"> Printemps 2014<\/a>\u00a0\u2022\u00a0<a href=\"http:\/\/malaiseprogram.com\/how-it-works\/the-results\/fall-2014\/\">Automne 2014<\/a><\/h6>\n<h6 style=\"text-align: justify;\"><a href=\"http:\/\/malaiseprogram.com\/how-it-works\/the-results\/spring-2013\/\"> Printemps 2013<\/a>\u00a0\u2022\u00a0<a href=\"http:\/\/malaiseprogram.com\/how-it-works\/the-results\/fall-2013\/\">Automne 2013<\/a><\/h6>\n<h5 class=\"Corps\"><span lang=\"FR\">Pour les rapports individuels de chaque \u00e9cole, cliquez <a href=\"http:\/\/malaiseprogram.com\/how-it-works\/the-results\/school-reports\/\">ici<\/a>.<\/span><\/h5>\n<h5 style=\"text-align: justify;\">Codes de jeu de donn\u00e9es<\/h5>\n<p><a href=\"http:\/\/malaiseprogram.com\/site\/wp-content\/uploads\/2017\/01\/Spring-2014-Dataset-Codes.xlsx\">Spring 2014<\/a> | <a href=\"http:\/\/malaiseprogram.com\/site\/wp-content\/uploads\/2017\/01\/Fall-2014-Dataset-Codes.xlsx\">Fall 2014<\/a> | <a href=\"http:\/\/malaiseprogram.com\/site\/wp-content\/uploads\/2017\/01\/Spring-2015-Dataset-Codes.xlsx\">Spring 2015<\/a> | <a href=\"http:\/\/malaiseprogram.com\/site\/wp-content\/uploads\/2017\/01\/Fall-2015-Dataset-Codes.xlsx\">Fall 2015<\/a> | <a href=\"http:\/\/malaiseprogram.com\/site\/wp-content\/uploads\/2017\/01\/Fall-2016-Dataset-Codes.xlsx\">Fall 2016<\/a>","protected":false},"excerpt":{"rendered":"<p>Le Programme Scolaire de trappe Malaise a donn\u00e9 une opportunit\u00e9 unique \u00e0 le Centre pour Biodiversit\u00e9 Genomiques pour \u00eatre activement impliqu\u00e9, et a inspir\u00e9 les jeunes \u00e0 travers l\u2019Am\u00e9rique du Nord \u00e0 devenir plus familier avec leur biodiversit\u00e9 locale et l\u2019importance de la gestion environnementale. Depuis son lancement en 2013, le Programme Scolaire de trappe &hellip; <a href=\"http:\/\/malaiseprogram.com\/fr\/how-it-works\/the-results\/\" class=\"more-link\">Continuer la lecture de <span class=\"screen-reader-text\">Les R\u00e9sultats!<\/span>  <span class=\"meta-nav\">&rarr;<\/span><\/a><\/p>\n","protected":false},"author":266,"featured_media":0,"parent":1201,"menu_order":6,"comment_status":"closed","ping_status":"closed","template":"page-templates\/full-width.php","meta":{"_monsterinsights_skip_tracking":false,"_monsterinsights_sitenote_active":false,"_monsterinsights_sitenote_note":"","_monsterinsights_sitenote_category":0,"footnotes":""},"class_list":["post-34","page","type-page","status-publish","hentry"],"_links":{"self":[{"href":"http:\/\/malaiseprogram.com\/fr\/wp-json\/wp\/v2\/pages\/34","targetHints":{"allow":["GET"]}}],"collection":[{"href":"http:\/\/malaiseprogram.com\/fr\/wp-json\/wp\/v2\/pages"}],"about":[{"href":"http:\/\/malaiseprogram.com\/fr\/wp-json\/wp\/v2\/types\/page"}],"author":[{"embeddable":true,"href":"http:\/\/malaiseprogram.com\/fr\/wp-json\/wp\/v2\/users\/266"}],"replies":[{"embeddable":true,"href":"http:\/\/malaiseprogram.com\/fr\/wp-json\/wp\/v2\/comments?post=34"}],"version-history":[{"count":10,"href":"http:\/\/malaiseprogram.com\/fr\/wp-json\/wp\/v2\/pages\/34\/revisions"}],"predecessor-version":[{"id":6193,"href":"http:\/\/malaiseprogram.com\/fr\/wp-json\/wp\/v2\/pages\/34\/revisions\/6193"}],"up":[{"embeddable":true,"href":"http:\/\/malaiseprogram.com\/fr\/wp-json\/wp\/v2\/pages\/1201"}],"wp:attachment":[{"href":"http:\/\/malaiseprogram.com\/fr\/wp-json\/wp\/v2\/media?parent=34"}],"curies":[{"name":"wp","href":"https:\/\/api.w.org\/{rel}","templated":true}]}}