{"id":3587,"date":"2015-06-24T13:03:24","date_gmt":"2015-06-24T13:03:24","guid":{"rendered":"http:\/\/malaiseprogram.ca\/?page_id=3587"},"modified":"2016-06-29T15:24:41","modified_gmt":"2016-06-29T15:24:41","slug":"spring-2015","status":"publish","type":"page","link":"http:\/\/malaiseprogram.com\/fr\/how-it-works\/the-results\/spring-2015\/","title":{"rendered":"Printemps 2015"},"content":{"rendered":"<h6>Traduction fran\u00e7aise \u00e0 venir tr\u00e8s bient\u00f4t.<\/h6>\n<p>It\u2019s finally time to share the results\u00a0for the Spring 2015 School Malaise Trap Program. Let\u2019s begin with some general summary\u00a0statistics. This spring\u2019s program involved 63 schools in 62 cities, 80 classrooms, and 2,302 students, as well as\u00a05 comparison sites. The trap that your classroom deployed was one of 68 traps that were running from April 20 to May 8. The map below shows all of these collection sites, which include elementary schools, secondary schools, and comparison sites (blue markers).<\/p>\n<p><iframe loading=\"lazy\" src=\"https:\/\/www.google.com\/maps\/d\/u\/0\/embed?mid=z0ZZYKhxX-Xg.kcFnID_lNOPU\" width=\"640\" height=\"480\"><\/iframe><\/p>\n<p>The 68 traps on average collected 453 specimens for the collecting\u00a0period. Our staff sorted <strong>61,776<\/strong> \u00a0specimens and selected <strong>17,290<\/strong> \u00a0to\u00a0 be barcoded. Our final dataset was made up of <strong>15,199<\/strong>\u00a0 barcodes (not all\u00a0 worked and short barcodes were discarded). These barcodes allowed us to\u00a0determine that an impressive number of <strong>2,968<\/strong> species were collected over the\u00a0three week period of the program, <b>308<\/b>\u00a0of which were brand new to our DNA barcode library. What an important contribution all\u00a0the classrooms made to the <a href=\"http:\/\/ibol.org\/\">International Barcode of Life<\/a> project!<\/p>\n<p><strong>Download the results:<\/strong><\/p>\n<ul>\n<li><a href=\"http:\/\/malaiseprogram.com\/site\/wp-content\/uploads\/2015\/06\/Spring-SMTP-2015-Full-Data.xlsx\" target=\"_blank\">Table of results from all 68 traps, including population and weather data<\/a> (XLSX)<\/li>\n<li><a href=\"http:\/\/malaiseprogram.com\/site\/wp-content\/uploads\/2015\/06\/Spring-2015-Table-of-Winners.xlsx\" target=\"_blank\">Complete report on the &lsquo;winners&rsquo; of the following categories: # of specimens caught, # of species caught, # of new species added to BOLD, and # of species unique to trap<\/a> (XLSX)<\/li>\n<\/ul>\n<p><strong>Additional resources:<\/strong><\/p>\n<ul>\n<li><a href=\"http:\/\/malaiseprogram.com\/site\/wp-content\/uploads\/2015\/06\/Final_Spring-2015-SMTP-Detailed-Program-Report.pdf\" target=\"_blank\">Detailed Spring 2015 School Malaise Trap Program Report<\/a><\/li>\n<li><a href=\"http:\/\/malaiseprogram.com\/site\/wp-content\/uploads\/2015\/06\/SSMTP_2015_Full_Species_List.pdf\" target=\"_blank\">List of all 2,968 species collected in the Spring 2015 School Malaise Trap Program<\/a> (PDF)<\/li>\n<li><a href=\"http:\/\/malaiseprogram.com\/site\/wp-content\/uploads\/2015\/06\/SSMTP15_Full_Image_Library_VB.pdf\">Image library of all species collected<\/a>\u00a0(24MB PDF)<\/li>\n<\/ul>\n<p>If you wish to receive an individual school&rsquo;s report, please contact us at <a href=\"mailto:info@malaiseprogram.ca\">info@malaiseprogram.ca<\/a>","protected":false},"excerpt":{"rendered":"<p>Traduction fran\u00e7aise \u00e0 venir tr\u00e8s bient\u00f4t. It\u2019s finally time to share the results\u00a0for the Spring 2015 School Malaise Trap Program. Let\u2019s begin with some general summary\u00a0statistics. This spring\u2019s program involved 63 schools in 62 cities, 80 classrooms, and 2,302 students, as well as\u00a05 comparison sites. The trap that your classroom deployed was one of 68 &hellip; <a href=\"http:\/\/malaiseprogram.com\/fr\/how-it-works\/the-results\/spring-2015\/\" class=\"more-link\">Continuer la lecture de <span class=\"screen-reader-text\">Printemps 2015<\/span>  <span class=\"meta-nav\">&rarr;<\/span><\/a><\/p>\n","protected":false},"author":266,"featured_media":3097,"parent":34,"menu_order":3,"comment_status":"closed","ping_status":"closed","template":"","meta":{"_monsterinsights_skip_tracking":false,"_monsterinsights_sitenote_active":false,"_monsterinsights_sitenote_note":"","_monsterinsights_sitenote_category":0,"footnotes":""},"class_list":["post-3587","page","type-page","status-publish","has-post-thumbnail","hentry"],"_links":{"self":[{"href":"http:\/\/malaiseprogram.com\/fr\/wp-json\/wp\/v2\/pages\/3587","targetHints":{"allow":["GET"]}}],"collection":[{"href":"http:\/\/malaiseprogram.com\/fr\/wp-json\/wp\/v2\/pages"}],"about":[{"href":"http:\/\/malaiseprogram.com\/fr\/wp-json\/wp\/v2\/types\/page"}],"author":[{"embeddable":true,"href":"http:\/\/malaiseprogram.com\/fr\/wp-json\/wp\/v2\/users\/266"}],"replies":[{"embeddable":true,"href":"http:\/\/malaiseprogram.com\/fr\/wp-json\/wp\/v2\/comments?post=3587"}],"version-history":[{"count":2,"href":"http:\/\/malaiseprogram.com\/fr\/wp-json\/wp\/v2\/pages\/3587\/revisions"}],"predecessor-version":[{"id":5227,"href":"http:\/\/malaiseprogram.com\/fr\/wp-json\/wp\/v2\/pages\/3587\/revisions\/5227"}],"up":[{"embeddable":true,"href":"http:\/\/malaiseprogram.com\/fr\/wp-json\/wp\/v2\/pages\/34"}],"wp:featuredmedia":[{"embeddable":true,"href":"http:\/\/malaiseprogram.com\/fr\/wp-json\/wp\/v2\/media\/3097"}],"wp:attachment":[{"href":"http:\/\/malaiseprogram.com\/fr\/wp-json\/wp\/v2\/media?parent=3587"}],"curies":[{"name":"wp","href":"https:\/\/api.w.org\/{rel}","templated":true}]}}