{"id":44,"date":"2014-07-28T16:17:24","date_gmt":"2014-07-28T16:17:24","guid":{"rendered":"http:\/\/malaiseprogram.ca\/?page_id=44"},"modified":"2016-06-29T15:26:13","modified_gmt":"2016-06-29T15:26:13","slug":"spring-2013","status":"publish","type":"page","link":"http:\/\/malaiseprogram.com\/fr\/how-it-works\/the-results\/spring-2013\/","title":{"rendered":"Printemps 2013"},"content":{"rendered":"<h6>Traduction fran\u00e7aise \u00e0 venir tr\u00e8s bient\u00f4t.<\/h6>\n<p>The Spring 2013 School Malaise Trap Program involved 60 schools in 42 cities, 77 classrooms, and 2003 students that we were fortunate enough to meet. Eighty-one traps were running from April 22 to May 3. You can view the location of all of these traps on the map below, showing elementary schools in blue, secondary schools in red, and comparison sites in green. Download the KML file <a href=\"http:\/\/malaiseprogram.com\/site\/wp-content\/uploads\/2014\/07\/Spring13SchoolMalaiseTrapProgram-1.kml\">here<\/a> to see more details in Google Earth.<\/p>\n<p><iframe loading=\"lazy\" src=\"https:\/\/mapsengine.google.com\/map\/u\/0\/embed?mid=z0ZZYKhxX-Xg.kahadfbUvIQY\" width=\"640\" height=\"480\"><\/iframe><\/p>\n<p>The trap catches were quite high for early in the spring season. The 81 traps on average collected 1,180 specimens for the collecting period. Our staff sorted<strong> 95,500<\/strong> specimens and selected <strong>22,646<\/strong> to be barcoded. Our final dataset was made up of <strong>19,501<\/strong> barcodes (not all worked and short barcodes were discarded). These barcodes allowed us to determine that an impressive number of <strong>1,392 <\/strong>species were collected over the two week period of the program.<\/p>\n<p>An amazing <strong>276<\/strong> of these species were brand new to our DNA barcode library. What an important contribution all the classrooms made to the International Barcode of Life project!<\/p>\n<p>&nbsp;<\/p>\n<p><strong>Download the results:<\/strong><\/p>\n<ul>\n<li><a href=\"http:\/\/malaiseprogram.com\/site\/wp-content\/uploads\/2014\/07\/Spring-SMTP-2013-Full-Data-1.xlsx\">Table of results from all 81 traps, including both schools and comparison sites<\/a> (XLSX)<\/li>\n<li><a href=\"http:\/\/malaiseprogram.com\/site\/wp-content\/uploads\/2014\/07\/Spring-2013-Table-of-Winners-1.xlsx\">Complete report on the &lsquo;winners&rsquo; of the following categories: # of specimens caught, # of species caught, # of new species added to BOLD, and # of species unique to trap<\/a> (XLSX)<\/li>\n<\/ul>\n<p><strong>Additional resources:<\/strong><\/p>\n<ul>\n<li><a href=\"http:\/\/malaiseprogram.com\/site\/wp-content\/uploads\/2014\/07\/Spring-2013-SMTP-Report-1.pdf\">Detailed Spring 2013 School Malaise Trap Program Report<\/a> (PDF)<\/li>\n<li><a href=\"http:\/\/malaiseprogram.com\/site\/wp-content\/uploads\/2014\/07\/Spring-2013-All-Species-1.pdf\">List of all 1,392 species collected in the Spring 2013 School Malaise Trap Program<\/a> (PDF)<\/li>\n<li><a href=\"http:\/\/malaiseprogram.com\/site\/wp-content\/uploads\/2014\/07\/Spring-2013-All-Images-1.pdf\">Image Library of all species collected<\/a> (<strong>13 MB <\/strong>PDF)<\/li>\n<\/ul>\n<p>If you wish to receive an individual school&rsquo;s report, please contact us at <a href=\"mailto:info@malaiseprogram.ca\">info@malaiseprogram.ca<\/a>","protected":false},"excerpt":{"rendered":"<p>Traduction fran\u00e7aise \u00e0 venir tr\u00e8s bient\u00f4t. The Spring 2013 School Malaise Trap Program involved 60 schools in 42 cities, 77 classrooms, and 2003 students that we were fortunate enough to meet. Eighty-one traps were running from April 22 to May 3. You can view the location of all of these traps on the map below, &hellip; <a href=\"http:\/\/malaiseprogram.com\/fr\/how-it-works\/the-results\/spring-2013\/\" class=\"more-link\">Continuer la lecture de <span class=\"screen-reader-text\">Printemps 2013<\/span>  <span class=\"meta-nav\">&rarr;<\/span><\/a><\/p>\n","protected":false},"author":266,"featured_media":101,"parent":34,"menu_order":14,"comment_status":"closed","ping_status":"closed","template":"","meta":{"_monsterinsights_skip_tracking":false,"_monsterinsights_sitenote_active":false,"_monsterinsights_sitenote_note":"","_monsterinsights_sitenote_category":0,"footnotes":""},"class_list":["post-44","page","type-page","status-publish","has-post-thumbnail","hentry"],"_links":{"self":[{"href":"http:\/\/malaiseprogram.com\/fr\/wp-json\/wp\/v2\/pages\/44","targetHints":{"allow":["GET"]}}],"collection":[{"href":"http:\/\/malaiseprogram.com\/fr\/wp-json\/wp\/v2\/pages"}],"about":[{"href":"http:\/\/malaiseprogram.com\/fr\/wp-json\/wp\/v2\/types\/page"}],"author":[{"embeddable":true,"href":"http:\/\/malaiseprogram.com\/fr\/wp-json\/wp\/v2\/users\/266"}],"replies":[{"embeddable":true,"href":"http:\/\/malaiseprogram.com\/fr\/wp-json\/wp\/v2\/comments?post=44"}],"version-history":[{"count":2,"href":"http:\/\/malaiseprogram.com\/fr\/wp-json\/wp\/v2\/pages\/44\/revisions"}],"predecessor-version":[{"id":5231,"href":"http:\/\/malaiseprogram.com\/fr\/wp-json\/wp\/v2\/pages\/44\/revisions\/5231"}],"up":[{"embeddable":true,"href":"http:\/\/malaiseprogram.com\/fr\/wp-json\/wp\/v2\/pages\/34"}],"wp:featuredmedia":[{"embeddable":true,"href":"http:\/\/malaiseprogram.com\/fr\/wp-json\/wp\/v2\/media\/101"}],"wp:attachment":[{"href":"http:\/\/malaiseprogram.com\/fr\/wp-json\/wp\/v2\/media?parent=44"}],"curies":[{"name":"wp","href":"https:\/\/api.w.org\/{rel}","templated":true}]}}