{"id":46,"date":"2014-07-28T16:17:39","date_gmt":"2014-07-28T16:17:39","guid":{"rendered":"http:\/\/malaiseprogram.ca\/?page_id=46"},"modified":"2016-06-29T15:32:05","modified_gmt":"2016-06-29T15:32:05","slug":"fall-2013","status":"publish","type":"page","link":"http:\/\/malaiseprogram.com\/fr\/how-it-works\/the-results\/fall-2013\/","title":{"rendered":"Automne 2013"},"content":{"rendered":"<h6>Traduction fran\u00e7aise \u00e0 venir tr\u00e8s bient\u00f4t.<\/h6>\n<p>As part of the Fall 2013 School Malaise Trap Program, 21 traps were running from September 23 to October 4. This program involved 659 students from 22 classrooms from 18 schools in 15 cities. Check out the map below to see all of these collection sites, with elementary schools in blue, secondary schools in red, and comparison sites in green. Download the KML file <a href=\"http:\/\/malaiseprogram.com\/site\/wp-content\/uploads\/2014\/07\/Fall13SchoolMalaiseTrapProgram-1.kml\">here<\/a> to see more details in Google Earth.<\/p>\n<p><iframe loading=\"lazy\" src=\"https:\/\/mapsengine.google.com\/map\/u\/0\/embed?mid=z0ZZYKhxX-Xg.kEYHzBWmreIg\" width=\"640\" height=\"480\"><\/iframe><\/p>\n<p>The 21 traps on average collected 1,338 specimens for the collecting period. Our staff sorted<strong> 28,110<\/strong> specimens and selected <strong>5,985<\/strong> to be barcoded. Our final dataset was made up of <strong>4,736<\/strong> barcodes (not all worked and short barcodes were discarded). These barcodes allowed us to determine that an impressive number of <strong>1,493 <\/strong>species were collected over the two week period of the program. It is very exciting for us that <strong>113<\/strong> of these species were brand new to our DNA barcode library.<\/p>\n<p><strong>Download the results:<\/strong><\/p>\n<ul>\n<li><a href=\"http:\/\/malaiseprogram.com\/site\/wp-content\/uploads\/2014\/07\/Fall-SMTP-2013-Full-Data-1.xlsx\">Table of results from all 21 traps, including both schools and comparison sites<\/a> (XLSX)<\/li>\n<li><a href=\"http:\/\/malaiseprogram.com\/site\/wp-content\/uploads\/2014\/07\/Fall-2013-Table-of-Winners-1.xlsx\">Complete report on the &lsquo;winners&rsquo; of the following categories: # of specimens caught, # of species caught, # of new species added to BOLD, and # of species unique to trap<\/a> (XLSX)<\/li>\n<\/ul>\n<p><strong>Additional resources:<\/strong><\/p>\n<ul>\n<li><a href=\"http:\/\/malaiseprogram.com\/site\/wp-content\/uploads\/2014\/07\/Fall-2013-SMTP-Report-1.pdf\">Detailed Fall 2013 School Malaise Trap Program Report<\/a> (PDF)<\/li>\n<li><a href=\"http:\/\/malaiseprogram.com\/site\/wp-content\/uploads\/2014\/07\/Fall-2013-All-Species-1.pdf\">List of all 1,493 species collected in the Fall 2013 School Malaise Trap Program<\/a> (PDF)<\/li>\n<li><a href=\"http:\/\/malaiseprogram.com\/site\/wp-content\/uploads\/2014\/07\/Fall-2013-All-Images-1.pdf\">Image Library of all species collected<\/a> (<strong>15 MB <\/strong>PDF)<\/li>\n<\/ul>\n<p>If you wish to receive an individual school&rsquo;s report, please contact us at <a href=\"mailto:info@malaiseprogram.ca\">info@malaiseprogram.ca<\/a>","protected":false},"excerpt":{"rendered":"<p>Traduction fran\u00e7aise \u00e0 venir tr\u00e8s bient\u00f4t. As part of the Fall 2013 School Malaise Trap Program, 21 traps were running from September 23 to October 4. This program involved 659 students from 22 classrooms from 18 schools in 15 cities. Check out the map below to see all of these collection sites, with elementary schools &hellip; <a href=\"http:\/\/malaiseprogram.com\/fr\/how-it-works\/the-results\/fall-2013\/\" class=\"more-link\">Continuer la lecture de <span class=\"screen-reader-text\">Automne 2013<\/span>  <span class=\"meta-nav\">&rarr;<\/span><\/a><\/p>\n","protected":false},"author":266,"featured_media":284,"parent":34,"menu_order":13,"comment_status":"closed","ping_status":"closed","template":"","meta":{"_monsterinsights_skip_tracking":false,"_monsterinsights_sitenote_active":false,"_monsterinsights_sitenote_note":"","_monsterinsights_sitenote_category":0,"footnotes":""},"class_list":["post-46","page","type-page","status-publish","has-post-thumbnail","hentry"],"_links":{"self":[{"href":"http:\/\/malaiseprogram.com\/fr\/wp-json\/wp\/v2\/pages\/46","targetHints":{"allow":["GET"]}}],"collection":[{"href":"http:\/\/malaiseprogram.com\/fr\/wp-json\/wp\/v2\/pages"}],"about":[{"href":"http:\/\/malaiseprogram.com\/fr\/wp-json\/wp\/v2\/types\/page"}],"author":[{"embeddable":true,"href":"http:\/\/malaiseprogram.com\/fr\/wp-json\/wp\/v2\/users\/266"}],"replies":[{"embeddable":true,"href":"http:\/\/malaiseprogram.com\/fr\/wp-json\/wp\/v2\/comments?post=46"}],"version-history":[{"count":3,"href":"http:\/\/malaiseprogram.com\/fr\/wp-json\/wp\/v2\/pages\/46\/revisions"}],"predecessor-version":[{"id":5235,"href":"http:\/\/malaiseprogram.com\/fr\/wp-json\/wp\/v2\/pages\/46\/revisions\/5235"}],"up":[{"embeddable":true,"href":"http:\/\/malaiseprogram.com\/fr\/wp-json\/wp\/v2\/pages\/34"}],"wp:featuredmedia":[{"embeddable":true,"href":"http:\/\/malaiseprogram.com\/fr\/wp-json\/wp\/v2\/media\/284"}],"wp:attachment":[{"href":"http:\/\/malaiseprogram.com\/fr\/wp-json\/wp\/v2\/media?parent=46"}],"curies":[{"name":"wp","href":"https:\/\/api.w.org\/{rel}","templated":true}]}}