{"id":1122,"date":"2014-10-24T10:48:43","date_gmt":"2014-10-24T10:48:43","guid":{"rendered":"http:\/\/malaiseprogram.ca\/?page_id=1122"},"modified":"2016-12-15T16:50:18","modified_gmt":"2016-12-15T16:50:18","slug":"photos","status":"publish","type":"page","link":"https:\/\/malaiseprogram.com\/fr\/photos\/","title":{"rendered":"Galeries"},"content":{"rendered":"<h6>Traduction fran\u00e7aise \u00e0 venir tr\u00e8s bient\u00f4t.<\/h6>\n<h4><a style=\"text-decoration: none;\" href=\"http:\/\/malaiseprogram.com\/photos\/student-participation\/\">Student Participation<\/a><\/h4>\n<p><img loading=\"lazy\" decoding=\"async\" class=\"thumbleft wp-image-798 size-thumbnail\" src=\"http:\/\/malaiseprogram.com\/site\/wp-content\/uploads\/2014\/09\/IMG_4260-1-150x150.jpg\" alt=\"Selfie with our trap!\" width=\"150\" height=\"150\" \/>The School Malaise Trap Program owes its success to the enthusiasm of its participants. <a href=\"http:\/\/malaiseprogram.com\/photos\/student-participation\/\">Check out this gallery<\/a> to see some photos of hands-on science education in action &#8211; and to observe\u00a0some new young biodiversity scientists-in-training!<\/p>\n<h4><a style=\"text-decoration: none;\" href=\"http:\/\/malaiseprogram.com\/photos\/on-the-biobus\/\">On the BIObus!<\/a><\/h4>\n<p><img loading=\"lazy\" decoding=\"async\" class=\"thumbleft wp-image-1113 size-thumbnail\" src=\"http:\/\/malaiseprogram.com\/site\/wp-content\/uploads\/2014\/10\/IMG_9493-1-150x150.jpg\" alt=\"Nate and Beverly sorting through their nets at Burnt Cabin Bog Ecological Reserve, British Columbia\" width=\"150\" height=\"150\" \/>Every year, the <a href=\"biobus.ca\" target=\"_blank\">mobile lab<\/a> of Le <a href=\"http:\/\/biodiversitygenomics.net\">Centre pour Biodiversit\u00e9 Genomiques (CBG)<\/a>\u00a0<a href=\"biobus.ca\" target=\"_blank\">(the BIObus)<\/a> travels across Canada to promote science\u00a0education and categorize the biodiversity of our country. While undertaking this journey, the crew of the BIObus keep a photo journal of their activities &#8211; and they&rsquo;ve shared some of their experiences in <a href=\"http:\/\/malaiseprogram.com\/photos\/on-the-biobus\/\">this gallery<\/a>.<\/p>\n<h4><a style=\"text-decoration: none;\" href=\"http:\/\/malaiseprogram.com\/photos\/canadian-biodiversity\/\">Discovering Life in Canada<\/a><\/h4>\n<p><img loading=\"lazy\" decoding=\"async\" class=\"thumbleft wp-image-1090 size-thumbnail\" src=\"http:\/\/malaiseprogram.com\/site\/wp-content\/uploads\/2014\/10\/IMG_6611-1-150x150.jpg\" alt=\"Male elk in Jasper National Park\" width=\"150\" height=\"150\" \/>If you ask a non-Canadian\u00a0what they think Canada is like, the first answer you&rsquo;ll hear will probably involve snow. But did you know that Canada is home to deserts, rainforests, mountains, plains, and more? And it&rsquo;s also home to a wide variety of organisms adapted to live in those climates. <a href=\"http:\/\/malaiseprogram.com\/photos\/canadian-biodiversity\/\">Browse this gallery<\/a> for a glimpse of Canada&rsquo;s biodiversity.","protected":false},"excerpt":{"rendered":"<p>Traduction fran\u00e7aise \u00e0 venir tr\u00e8s bient\u00f4t. Student Participation The School Malaise Trap Program owes its success to the enthusiasm of its participants. Check out this gallery to see some photos of hands-on science education in action &#8211; and to observe\u00a0some new young biodiversity scientists-in-training! On the BIObus! Every year, the mobile lab of Le Centre &hellip; <a href=\"https:\/\/malaiseprogram.com\/fr\/photos\/\" class=\"more-link\">Continuer la lecture de <span class=\"screen-reader-text\">Galeries<\/span>  <span class=\"meta-nav\">&rarr;<\/span><\/a><\/p>\n","protected":false},"author":266,"featured_media":0,"parent":0,"menu_order":5,"comment_status":"closed","ping_status":"closed","template":"page-templates\/full-width.php","meta":{"_monsterinsights_skip_tracking":false,"_monsterinsights_sitenote_active":false,"_monsterinsights_sitenote_note":"","_monsterinsights_sitenote_category":0,"footnotes":""},"class_list":["post-1122","page","type-page","status-publish","hentry"],"_links":{"self":[{"href":"https:\/\/malaiseprogram.com\/fr\/wp-json\/wp\/v2\/pages\/1122","targetHints":{"allow":["GET"]}}],"collection":[{"href":"https:\/\/malaiseprogram.com\/fr\/wp-json\/wp\/v2\/pages"}],"about":[{"href":"https:\/\/malaiseprogram.com\/fr\/wp-json\/wp\/v2\/types\/page"}],"author":[{"embeddable":true,"href":"https:\/\/malaiseprogram.com\/fr\/wp-json\/wp\/v2\/users\/266"}],"replies":[{"embeddable":true,"href":"https:\/\/malaiseprogram.com\/fr\/wp-json\/wp\/v2\/comments?post=1122"}],"version-history":[{"count":8,"href":"https:\/\/malaiseprogram.com\/fr\/wp-json\/wp\/v2\/pages\/1122\/revisions"}],"predecessor-version":[{"id":6172,"href":"https:\/\/malaiseprogram.com\/fr\/wp-json\/wp\/v2\/pages\/1122\/revisions\/6172"}],"wp:attachment":[{"href":"https:\/\/malaiseprogram.com\/fr\/wp-json\/wp\/v2\/media?parent=1122"}],"curies":[{"name":"wp","href":"https:\/\/api.w.org\/{rel}","templated":true}]}}