{"id":1479,"date":"2014-12-11T12:59:31","date_gmt":"2014-12-11T12:59:31","guid":{"rendered":"http:\/\/malaiseprogram.ca\/?page_id=1479"},"modified":"2016-12-07T20:31:04","modified_gmt":"2016-12-07T20:31:04","slug":"nova-scotia-ns","status":"publish","type":"page","link":"https:\/\/malaiseprogram.com\/fr\/how-it-works\/the-results\/school-reports\/nova-scotia-ns\/","title":{"rendered":"Nova Scotia"},"content":{"rendered":"Ci-dessous, vous pouvez acc\u00e9der aux rapports scolaires individuels des \u00e9ditions pr\u00e9c\u00e9dentes du Programme Scolaire de trappe Malaise, avec les \u00e9coles r\u00e9pertori\u00e9es par ville.<\/p>\n<h5>Berwick<\/h5>\n<p style=\"padding-left: 30px;\"><strong>Berwick and District School<\/strong><br \/>\n<em>Spring 2015: \u00a0<\/em><a href=\"http:\/\/malaiseprogram.com\/site\/wp-content\/uploads\/2015\/09\/Individual-Trap-Report_Berwick-and-District-School.pdf\" target=\"_blank\">Individual Report<\/a>\u00a0\u00b7\u00a0<a href=\"http:\/\/malaiseprogram.com\/site\/wp-content\/uploads\/2015\/09\/Species-List-Berwick-and-District-School.pdf\" target=\"_blank\">Species List<\/a>\u00a0\u00b7\u00a0<a href=\"http:\/\/malaiseprogram.com\/site\/wp-content\/uploads\/2015\/09\/BerwickandDistrictSchool.pdf\" target=\"_blank\">Image Library<\/a><\/p>\n<h5>Bridgetown<\/h5>\n<p style=\"padding-left: 30px;\"><strong>Bridgetown Regional High School<\/strong><br \/>\n<em>Spring 2015: \u00a0<\/em><a href=\"http:\/\/malaiseprogram.com\/site\/wp-content\/uploads\/2015\/09\/Individual-Trap-Report_Bridgetown-Regional-High-School.pdf\" target=\"_blank\">Individual Report<\/a>\u00a0\u00b7\u00a0<a href=\"http:\/\/malaiseprogram.com\/site\/wp-content\/uploads\/2015\/09\/Species-List-Bridgetown-Regional-High-School.pdf\" target=\"_blank\">Species List<\/a>\u00a0\u00b7\u00a0<a href=\"http:\/\/malaiseprogram.com\/site\/wp-content\/uploads\/2015\/09\/BridgetownRegionalHS.pdf\" target=\"_blank\">Image Library<\/a><\/p>\n<h5>Guysborough<\/h5>\n<p style=\"padding-left: 30px;\"><strong>Chedabucto Education Centre\/ Guysborough Academy<\/strong><br \/>\n<em>Spring 2015:\u00a0<\/em><a href=\"http:\/\/malaiseprogram.com\/site\/wp-content\/uploads\/2015\/09\/Individual-Trap-Report_Chedabucto-Education-Centre-Guysborough-Academy.pdf\" target=\"_blank\">Individual Report<\/a>\u00a0\u00b7\u00a0<a href=\"http:\/\/malaiseprogram.com\/site\/wp-content\/uploads\/2015\/09\/Species-List-Chedabucto-Education-Centre-Guysborough-Academy.pdf\" target=\"_blank\">Species List<\/a>\u00a0\u00b7\u00a0<a href=\"http:\/\/malaiseprogram.com\/site\/wp-content\/uploads\/2015\/09\/ChedabuctoEducationCentre.pdf\" target=\"_blank\">Image Library<\/a><br \/>\n<em>Fall 2015:\u00a0<\/em><a href=\"http:\/\/malaiseprogram.com\/site\/wp-content\/uploads\/2015\/12\/Individual-Trap-Report_Chedabucto-Education-Centre_Guysborough-Academy.pdf\" target=\"_blank\" rel=\"\">Individual Report<\/a>\u00a0\u00b7\u00a0<a href=\"http:\/\/malaiseprogram.com\/site\/wp-content\/uploads\/2015\/12\/Chedabucto-Education-Centre.pdf\" target=\"_blank\" rel=\"\">Species List<\/a>\u00a0\u00b7 <a href=\"http:\/\/malaiseprogram.com\/site\/wp-content\/uploads\/2014\/12\/ChedabuctoEC-1.pdf\" target=\"_blank\" rel=\"\">Image Library<\/a><\/p>\n<h5>Hammonds Plains<\/h5>\n<p style=\"padding-left: 30px;\"><strong>Madeline Symonds Middle School<\/strong><br \/>\n<em>Fall 2016: \u00a0<\/em><a href=\"http:\/\/malaiseprogram.com\/site\/wp-content\/uploads\/2016\/12\/Individual-Trap-Report_Madeline-Symonds-Middle-School.pdf\">Individual Report<\/a>\u00a0\u00b7\u00a0<a href=\"http:\/\/malaiseprogram.com\/site\/wp-content\/uploads\/2016\/12\/FSMTP_2016_Individual_Species_List_Madeline-Symonds-MS.pdf\">Species List<\/a>\u00a0\u00b7\u00a0<a href=\"http:\/\/malaiseprogram.com\/site\/wp-content\/uploads\/2016\/12\/Image-Library_Madeline-Symonds-MS.pdf\">Image Library<\/a><\/p>\n<h5>Hubbards<\/h5>\n<p style=\"padding-left: 30px;\"><strong>Shatford Memorial Elementary School<\/strong><br \/>\n<em>Fall 2016: \u00a0<\/em><a href=\"http:\/\/malaiseprogram.com\/site\/wp-content\/uploads\/2016\/12\/Individual-Trap-Report_Shatford-Memorial-Elementary-School.pdf\">Individual Report<\/a>\u00a0\u00b7\u00a0<a href=\"http:\/\/malaiseprogram.com\/site\/wp-content\/uploads\/2016\/12\/FSMTP_2016_Individual_Species_List_Shatford-Memorial-ES.pdf\">Species List<\/a>\u00a0\u00b7\u00a0<a href=\"http:\/\/malaiseprogram.com\/site\/wp-content\/uploads\/2016\/12\/Image-Library_Shatford-Memorial-ES.pdf\">Image Library<\/a><\/p>\n<h5>New Glasgow<\/h5>\n<p style=\"padding-left: 30px;\"><strong>North Nova Education Centre\u00a0<\/strong><br \/>\n<em>Fall 2014:\u00a0<\/em><a href=\"http:\/\/malaiseprogram.com\/site\/wp-content\/uploads\/2014\/12\/North-Nova-Education-Centre_Individual-Report-1.pdf\" target=\"_blank\">Individual\u00a0Report<\/a>\u00a0\u00b7<b>\u00a0<\/b><a href=\"http:\/\/malaiseprogram.com\/site\/wp-content\/uploads\/2014\/12\/North-Nova-Education-Centre_Species-List-1.pdf\" target=\"_blank\">Species List<\/a>\u00a0\u00b7\u00a0<a href=\"http:\/\/malaiseprogram.com\/site\/wp-content\/uploads\/2014\/12\/North-Nova-Education-Centre_Image-library-1.pdf\" target=\"_blank\">Image Library<\/a><\/p>\n<h5>Northport<\/h5>\n<p style=\"padding-left: 30px;\"><strong>Northport Consolidated Elementary School<\/strong><br \/>\n<em>Spring 2015:\u00a0<\/em><a href=\"http:\/\/malaiseprogram.com\/site\/wp-content\/uploads\/2015\/09\/Individual-Trap-Report_Northport-Consolidated-Elementary-School.pdf\" target=\"_blank\">Individual Report<\/a>\u00a0\u00b7\u00a0<a href=\"http:\/\/malaiseprogram.com\/site\/wp-content\/uploads\/2015\/09\/Species-List-Northport-Consolidated-Elementary-School.pdf\" target=\"_blank\">Species List<\/a>\u00a0\u00b7\u00a0<a href=\"http:\/\/malaiseprogram.com\/site\/wp-content\/uploads\/2015\/09\/NorthportConsolidated.pdf\" target=\"_blank\">Image Library<\/a><\/p>\n<h5>Shag Harbour<\/h5>\n<p style=\"padding-left: 30px;\"><strong>Evelyn Richardson Memorial Elementary School<\/strong><br \/>\n<em>Spring 2015:\u00a0<\/em><a href=\"http:\/\/malaiseprogram.com\/site\/wp-content\/uploads\/2015\/09\/Individual-Trap-Report_Evelyn-Richardson-Memorial-Elementary-School.pdf\" target=\"_blank\">Individual Report<\/a>\u00a0\u00b7\u00a0<a href=\"http:\/\/malaiseprogram.com\/site\/wp-content\/uploads\/2015\/09\/Species-List-Evelyn-Richardson-Memorial-Elementary-School.pdf\" target=\"_blank\">Species List<\/a>\u00a0\u00b7\u00a0<a href=\"http:\/\/malaiseprogram.com\/site\/wp-content\/uploads\/2015\/09\/EvelynRichardsonMemorial.pdf\" target=\"_blank\">Image Library<\/a><\/p>\n<h5>Truro<\/h5>\n<p style=\"padding-left: 30px;\"><strong>Cobequid Educational Centre<\/strong><br \/>\n<em>Fall 2015:\u00a0<\/em><a href=\"http:\/\/malaiseprogram.com\/site\/wp-content\/uploads\/2015\/12\/Individual-Trap-Report_Cobequid-Educational-Centre.pdf\" target=\"_blank\" rel=\"\">Individual Report<\/a>\u00a0\u00b7\u00a0<a href=\"http:\/\/malaiseprogram.com\/site\/wp-content\/uploads\/2015\/12\/Cobequid-Educational-Centre.pdf\" target=\"_blank\" rel=\"\">Species List<\/a>\u00a0\u00b7 <a href=\"http:\/\/malaiseprogram.com\/site\/wp-content\/uploads\/2014\/12\/CobequidEC-1.pdf\" target=\"_blank\" rel=\"\">Image Library<\/a><\/p>\n<h5>Valley<\/h5>\n<p style=\"padding-left: 30px;\"><strong>Valley Elementary<\/strong><br \/>\n<em>Spring 2015:\u00a0<\/em><a href=\"http:\/\/malaiseprogram.com\/site\/wp-content\/uploads\/2015\/09\/Individual-Trap-Report_Valley-Elementary.pdf\" target=\"_blank\">Individual Report<\/a>\u00a0\u00b7\u00a0<a href=\"http:\/\/malaiseprogram.com\/site\/wp-content\/uploads\/2015\/09\/Species-List-Valley-Elementary.pdf\" target=\"_blank\">Species List<\/a>\u00a0\u00b7\u00a0<a href=\"http:\/\/malaiseprogram.com\/site\/wp-content\/uploads\/2015\/09\/ValleyElementary.pdf\" target=\"_blank\">Image Library<\/a><\/p>","protected":false},"excerpt":{"rendered":"<p>Ci-dessous, vous pouvez acc\u00e9der aux rapports scolaires individuels des \u00e9ditions pr\u00e9c\u00e9dentes du Programme Scolaire de trappe Malaise, avec les \u00e9coles r\u00e9pertori\u00e9es par ville. Berwick Berwick and District School Spring 2015: \u00a0Individual Report\u00a0\u00b7\u00a0Species List\u00a0\u00b7\u00a0Image Library Bridgetown Bridgetown Regional High School Spring 2015: \u00a0Individual Report\u00a0\u00b7\u00a0Species List\u00a0\u00b7\u00a0Image Library Guysborough Chedabucto Education Centre\/ Guysborough Academy Spring 2015:\u00a0Individual Report\u00a0\u00b7\u00a0Species List\u00a0\u00b7\u00a0Image &hellip; <a href=\"https:\/\/malaiseprogram.com\/fr\/how-it-works\/the-results\/school-reports\/nova-scotia-ns\/\" class=\"more-link\">Continuer la lecture de <span class=\"screen-reader-text\">Nova Scotia<\/span>  <span class=\"meta-nav\">&rarr;<\/span><\/a><\/p>\n","protected":false},"author":266,"featured_media":0,"parent":1463,"menu_order":0,"comment_status":"closed","ping_status":"closed","template":"","meta":{"_monsterinsights_skip_tracking":false,"_monsterinsights_sitenote_active":false,"_monsterinsights_sitenote_note":"","_monsterinsights_sitenote_category":0,"footnotes":""},"class_list":["post-1479","page","type-page","status-publish","hentry"],"_links":{"self":[{"href":"https:\/\/malaiseprogram.com\/fr\/wp-json\/wp\/v2\/pages\/1479","targetHints":{"allow":["GET"]}}],"collection":[{"href":"https:\/\/malaiseprogram.com\/fr\/wp-json\/wp\/v2\/pages"}],"about":[{"href":"https:\/\/malaiseprogram.com\/fr\/wp-json\/wp\/v2\/types\/page"}],"author":[{"embeddable":true,"href":"https:\/\/malaiseprogram.com\/fr\/wp-json\/wp\/v2\/users\/266"}],"replies":[{"embeddable":true,"href":"https:\/\/malaiseprogram.com\/fr\/wp-json\/wp\/v2\/comments?post=1479"}],"version-history":[{"count":6,"href":"https:\/\/malaiseprogram.com\/fr\/wp-json\/wp\/v2\/pages\/1479\/revisions"}],"predecessor-version":[{"id":6108,"href":"https:\/\/malaiseprogram.com\/fr\/wp-json\/wp\/v2\/pages\/1479\/revisions\/6108"}],"up":[{"embeddable":true,"href":"https:\/\/malaiseprogram.com\/fr\/wp-json\/wp\/v2\/pages\/1463"}],"wp:attachment":[{"href":"https:\/\/malaiseprogram.com\/fr\/wp-json\/wp\/v2\/media?parent=1479"}],"curies":[{"name":"wp","href":"https:\/\/api.w.org\/{rel}","templated":true}]}}