{"id":1491,"date":"2014-12-11T13:02:16","date_gmt":"2014-12-11T13:02:16","guid":{"rendered":"http:\/\/malaiseprogram.ca\/?page_id=1491"},"modified":"2016-12-07T20:35:12","modified_gmt":"2016-12-07T20:35:12","slug":"saskatchewan-sk","status":"publish","type":"page","link":"https:\/\/malaiseprogram.com\/fr\/how-it-works\/the-results\/school-reports\/saskatchewan-sk\/","title":{"rendered":"Saskatchewan"},"content":{"rendered":"<h1>Saskatchewan<\/h1>\n<p>Ci-dessous, vous pouvez acc\u00e9der aux rapports scolaires individuels des \u00e9ditions pr\u00e9c\u00e9dentes du Programme Scolaire de trappe Malaise, avec les \u00e9coles r\u00e9pertori\u00e9es par ville.<\/p>\n<h5>Hudson Bay<\/h5>\n<p style=\"padding-left: 30px;\"><strong>Hudson Bay Community School<\/strong><br \/>\n<em>Fall 2016:\u00a0<\/em><a href=\"http:\/\/malaiseprogram.com\/site\/wp-content\/uploads\/2016\/12\/Individual-Trap-Report_Hudson-Bay-Community-School.pdf\">Individual Report<\/a>\u00a0\u00b7\u00a0<a href=\"http:\/\/malaiseprogram.com\/site\/wp-content\/uploads\/2016\/12\/FSMTP_2016_Individual_Species_List_Hudson-Bay-School.pdf\">Species List<\/a>\u00a0\u00b7\u00a0<a href=\"http:\/\/malaiseprogram.com\/site\/wp-content\/uploads\/2016\/12\/Image-Library_Hudson-Bay.pdf\">Image Library<\/a><\/p>\n<h5>La Loche<\/h5>\n<p style=\"padding-left: 30px;\"><strong>La Loche Community School &#8211; Dene Building<\/strong><br \/>\n<em>Fall 2016:\u00a0<\/em><a href=\"http:\/\/malaiseprogram.com\/site\/wp-content\/uploads\/2016\/12\/Individual-Trap-Report_La-Loche-Community-School-Dene-Building.pdf\">Individual Report<\/a>\u00a0\u00b7\u00a0<a href=\"http:\/\/malaiseprogram.com\/site\/wp-content\/uploads\/2016\/12\/FSMTP_2016_Individual_Species_List_La-Loche-Community-School.pdf\">Species List<\/a>\u00a0\u00b7\u00a0<a href=\"http:\/\/malaiseprogram.com\/site\/wp-content\/uploads\/2016\/12\/Image-Library_La-Loche-Community-School.pdf\">Image Library<\/a><\/p>\n<h5>Lucky Lake<\/h5>\n<p style=\"padding-left: 30px;\"><strong>Lucky Lake School<\/strong><br \/>\n<em>Spring 2015:\u00a0<\/em><a href=\"http:\/\/malaiseprogram.com\/site\/wp-content\/uploads\/2015\/09\/Individual-Trap-Report_Lucky-Lake-School.pdf\" target=\"_blank\">Individual Report<\/a>\u00a0\u00b7\u00a0<a href=\"http:\/\/malaiseprogram.com\/site\/wp-content\/uploads\/2015\/09\/Species-List-Lucky-Lake-School.pdf\" target=\"_blank\">Species List<\/a>\u00a0\u00b7\u00a0<a href=\"http:\/\/malaiseprogram.com\/site\/wp-content\/uploads\/2015\/09\/LuckyLakeSchool.pdf\" target=\"_blank\">Image Library<\/a><\/p>\n<h5>Medstead<\/h5>\n<p style=\"padding-left: 30px;\"><strong>Medstead Central School<\/strong><br \/>\n<em>Fall 2016:\u00a0<\/em><a href=\"http:\/\/malaiseprogram.com\/site\/wp-content\/uploads\/2016\/12\/Individual-Trap-Report_Medstead-Central-School.pdf\">Individual Report<\/a>\u00a0\u00b7\u00a0<a href=\"http:\/\/malaiseprogram.com\/site\/wp-content\/uploads\/2016\/12\/FSMTP_2016_Individual_Species_List_Medstead-Central-School.pdf\">Species List<\/a>\u00a0\u00b7\u00a0<a href=\"http:\/\/malaiseprogram.com\/site\/wp-content\/uploads\/2016\/12\/Image-Library_Medstead-Central-School.pdf\">Image Library<\/a><\/p>\n<h5>Moose Jaw<\/h5>\n<p style=\"padding-left: 30px;\"><strong>\u00c9cole Ducharme <\/strong><br \/>\n<em>Fall 2015:\u00a0<\/em><a href=\"http:\/\/malaiseprogram.com\/site\/wp-content\/uploads\/2015\/12\/Individual-Trap-Report_\u00c9cole-Ducharme.pdf\" target=\"_blank\" rel=\"\">Individual Report<\/a>\u00a0\u00b7\u00a0<a href=\"http:\/\/malaiseprogram.com\/site\/wp-content\/uploads\/2015\/12\/cole-Ducharme.pdf\" target=\"_blank\" rel=\"\">Species List<\/a>\u00a0\u00b7 <a href=\"http:\/\/malaiseprogram.com\/site\/wp-content\/uploads\/2014\/12\/EcoleDucharme-1.pdf\" target=\"_blank\" rel=\"\">Image Library<\/a><\/p>\n<h5>Preeceville<\/h5>\n<p style=\"padding-left: 30px;\"><strong>Preeceville School <\/strong><br \/>\n<em>Fall 2015:\u00a0<\/em><a href=\"http:\/\/malaiseprogram.com\/site\/wp-content\/uploads\/2015\/12\/Individual-Trap-Report_Preeceville-School.pdf\" target=\"_blank\" rel=\"\">Individual Report<\/a>\u00a0\u00b7\u00a0<a href=\"http:\/\/malaiseprogram.com\/site\/wp-content\/uploads\/2015\/12\/Preeceville-School.pdf\" target=\"_blank\" rel=\"\">Species List<\/a>\u00a0\u00b7 <a href=\"http:\/\/malaiseprogram.com\/site\/wp-content\/uploads\/2014\/12\/PreecevilleSchool-1.pdf\" target=\"_blank\" rel=\"\">Image Library<\/a><\/p>\n<h5>Saskatoon<\/h5>\n<p style=\"padding-left: 30px;\"><strong>Ecole River Heights School<\/strong><br \/>\n<em>Fall 2016:\u00a0<\/em><a href=\"http:\/\/malaiseprogram.com\/site\/wp-content\/uploads\/2016\/12\/Individual-Trap-Report_Ecole-River-Heights-School.pdf\">Individual Report<\/a>\u00a0\u00b7\u00a0<a href=\"http:\/\/malaiseprogram.com\/site\/wp-content\/uploads\/2016\/12\/FSMTP_2016_Individual_Species_List_Ecole-River-Heights-School.pdf\">Species List<\/a>\u00a0\u00b7\u00a0<a href=\"http:\/\/malaiseprogram.com\/site\/wp-content\/uploads\/2016\/12\/Image-Library_Ecole-River-Heights.pdf\">Image Library<\/a><\/p>\n<h5>Unity<\/h5>\n<p style=\"padding-left: 30px;\"><strong>St. Peter&rsquo;s School<\/strong><br \/>\n<em>Spring 2015:\u00a0<\/em><a href=\"http:\/\/malaiseprogram.com\/site\/wp-content\/uploads\/2015\/09\/Individual-Trap-Report_St.-Peters-School.pdf\" target=\"_blank\">Individual Report<\/a>\u00a0\u00b7\u00a0<a href=\"http:\/\/malaiseprogram.com\/site\/wp-content\/uploads\/2015\/09\/Species-List-St.-Peters-School.pdf\" target=\"_blank\">Species List<\/a>\u00a0\u00b7\u00a0<a href=\"http:\/\/malaiseprogram.com\/site\/wp-content\/uploads\/2015\/09\/StPetersSchool.pdf\" target=\"_blank\">Image Library<\/a><\/p>\n<h5>Vanscoy<\/h5>\n<p style=\"padding-left: 30px;\"><strong>Vanscoy School<\/strong><br \/>\n<em>Spring 2015:\u00a0<\/em><a href=\"http:\/\/malaiseprogram.com\/site\/wp-content\/uploads\/2015\/09\/Individual-Trap-Report_Vanscoy-School.pdf\" target=\"_blank\">Individual Report<\/a>\u00a0\u00b7\u00a0<a href=\"http:\/\/malaiseprogram.com\/site\/wp-content\/uploads\/2015\/09\/Species-List-Vanscoy-School.pdf\" target=\"_blank\">Species List<\/a>\u00a0\u00b7\u00a0<a href=\"http:\/\/malaiseprogram.com\/site\/wp-content\/uploads\/2015\/09\/VanscoySchool.pdf\" target=\"_blank\">Image Library<\/a><\/p>\n<h5>Vibank<\/h5>\n<p style=\"padding-left: 30px;\"><strong>Vibank Regional School<\/strong><br \/>\n<em>Fall 2016:\u00a0<\/em><a href=\"http:\/\/malaiseprogram.com\/site\/wp-content\/uploads\/2016\/12\/Individual-Trap-Report_Vibank-Regional-School.pdf\">Individual Report<\/a>\u00a0\u00b7\u00a0<a href=\"http:\/\/malaiseprogram.com\/site\/wp-content\/uploads\/2016\/12\/FSMTP_2016_Individual_Species_List_Vibank-Regional-School.pdf\">Species List<\/a>\u00a0\u00b7\u00a0<a href=\"http:\/\/malaiseprogram.com\/site\/wp-content\/uploads\/2016\/12\/Image-Library_Vibank-Regional-School.pdf\">Image Library<\/a><\/p>\n<h5>Whitewood<\/h5>\n<p style=\"padding-left: 30px;\"><strong>Whitewood School<\/strong><br \/>\n<em>Spring 2015:\u00a0<\/em><a href=\"http:\/\/malaiseprogram.com\/site\/wp-content\/uploads\/2015\/09\/Individual-Trap-Report_Whitewood-School.pdf\" target=\"_blank\">Individual Report<\/a>\u00a0\u00b7\u00a0<a href=\"http:\/\/malaiseprogram.com\/site\/wp-content\/uploads\/2015\/09\/Species-List-Whitewood-School.pdf\" target=\"_blank\">Species List<\/a>\u00a0\u00b7\u00a0<a href=\"http:\/\/malaiseprogram.com\/site\/wp-content\/uploads\/2015\/09\/WhitewoodSchool.pdf\" target=\"_blank\">Image Library<\/a><br \/>\n<em>Fall 2015:<\/em>\u00a0<a href=\"http:\/\/malaiseprogram.com\/site\/wp-content\/uploads\/2015\/12\/Individual-Trap-Report_Whitewood-School.pdf\" target=\"_blank\" rel=\"\">Individual Report<\/a>\u00a0\u00b7\u00a0<a href=\"http:\/\/malaiseprogram.com\/site\/wp-content\/uploads\/2015\/12\/Whitewood-School.pdf\" target=\"_blank\" rel=\"\">Species List<\/a>\u00a0\u00b7 <a href=\"http:\/\/malaiseprogram.com\/site\/wp-content\/uploads\/2014\/12\/WhitewoodSchool-1.pdf\" target=\"_blank\" rel=\"\">Image Library<\/a><\/p>\n<h5>Yellow Grass<\/h5>\n<p style=\"padding-left: 30px;\"><strong>Yellow Grass School<\/strong><br \/>\n<em>Spring 2015:\u00a0<\/em><a href=\"http:\/\/malaiseprogram.com\/site\/wp-content\/uploads\/2015\/09\/Individual-Trap-Report_Yellow-Grass-School.pdf\" target=\"_blank\">Individual Report<\/a>\u00a0\u00b7\u00a0<a href=\"http:\/\/malaiseprogram.com\/site\/wp-content\/uploads\/2015\/09\/Species-List-Yellow-Grass-School.pdf\" target=\"_blank\">Species List<\/a>\u00a0\u00b7\u00a0<a href=\"http:\/\/malaiseprogram.com\/site\/wp-content\/uploads\/2014\/12\/YellowGrassSchool-1.pdf\" target=\"_blank\">Image Library<\/a><\/p>\n<h5>Yorkton<\/h5>\n<p style=\"padding-left: 30px;\"><strong>M.C. Knoll Elementary School<\/strong><br \/>\n<em>Spring 2015:\u00a0<\/em><a href=\"http:\/\/malaiseprogram.com\/site\/wp-content\/uploads\/2015\/09\/Individual-Trap-Report_M.C.-Knoll-Elementary-School.pdf\" target=\"_blank\">Individual Report<\/a>\u00a0\u00b7\u00a0<a href=\"http:\/\/malaiseprogram.com\/site\/wp-content\/uploads\/2015\/09\/Species-List-M.C.-Knoll-Elementary-School.pdf\" target=\"_blank\">Species List<\/a>\u00a0\u00b7\u00a0<a href=\"http:\/\/malaiseprogram.com\/site\/wp-content\/uploads\/2015\/09\/MCKnollElementary.pdf\" target=\"_blank\">Image Library<\/a><br \/>\n<em>Fall 2015:\u00a0<\/em><a href=\"http:\/\/malaiseprogram.com\/site\/wp-content\/uploads\/2015\/12\/Individual-Trap-Report_M.C.-Knoll.pdf\" target=\"_blank\" rel=\"\">Individual Report<\/a>\u00a0\u00b7\u00a0<a href=\"http:\/\/malaiseprogram.com\/site\/wp-content\/uploads\/2015\/12\/MC-Knoll.pdf\" target=\"_blank\" rel=\"\">Species List<\/a>\u00a0\u00b7 <a href=\"http:\/\/malaiseprogram.com\/site\/wp-content\/uploads\/2014\/12\/MCKnoll-1.pdf\" target=\"_blank\" rel=\"\">Image Library<\/a><\/p>","protected":false},"excerpt":{"rendered":"<p>Saskatchewan Ci-dessous, vous pouvez acc\u00e9der aux rapports scolaires individuels des \u00e9ditions pr\u00e9c\u00e9dentes du Programme Scolaire de trappe Malaise, avec les \u00e9coles r\u00e9pertori\u00e9es par ville. Hudson Bay Hudson Bay Community School Fall 2016:\u00a0Individual Report\u00a0\u00b7\u00a0Species List\u00a0\u00b7\u00a0Image Library La Loche La Loche Community School &#8211; Dene Building Fall 2016:\u00a0Individual Report\u00a0\u00b7\u00a0Species List\u00a0\u00b7\u00a0Image Library Lucky Lake Lucky Lake School Spring &hellip; <a href=\"https:\/\/malaiseprogram.com\/fr\/how-it-works\/the-results\/school-reports\/saskatchewan-sk\/\" class=\"more-link\">Continuer la lecture de <span class=\"screen-reader-text\">Saskatchewan<\/span>  <span class=\"meta-nav\">&rarr;<\/span><\/a><\/p>\n","protected":false},"author":266,"featured_media":0,"parent":1463,"menu_order":0,"comment_status":"closed","ping_status":"closed","template":"","meta":{"_monsterinsights_skip_tracking":false,"_monsterinsights_sitenote_active":false,"_monsterinsights_sitenote_note":"","_monsterinsights_sitenote_category":0,"footnotes":""},"class_list":["post-1491","page","type-page","status-publish","hentry"],"_links":{"self":[{"href":"https:\/\/malaiseprogram.com\/fr\/wp-json\/wp\/v2\/pages\/1491","targetHints":{"allow":["GET"]}}],"collection":[{"href":"https:\/\/malaiseprogram.com\/fr\/wp-json\/wp\/v2\/pages"}],"about":[{"href":"https:\/\/malaiseprogram.com\/fr\/wp-json\/wp\/v2\/types\/page"}],"author":[{"embeddable":true,"href":"https:\/\/malaiseprogram.com\/fr\/wp-json\/wp\/v2\/users\/266"}],"replies":[{"embeddable":true,"href":"https:\/\/malaiseprogram.com\/fr\/wp-json\/wp\/v2\/comments?post=1491"}],"version-history":[{"count":6,"href":"https:\/\/malaiseprogram.com\/fr\/wp-json\/wp\/v2\/pages\/1491\/revisions"}],"predecessor-version":[{"id":6110,"href":"https:\/\/malaiseprogram.com\/fr\/wp-json\/wp\/v2\/pages\/1491\/revisions\/6110"}],"up":[{"embeddable":true,"href":"https:\/\/malaiseprogram.com\/fr\/wp-json\/wp\/v2\/pages\/1463"}],"wp:attachment":[{"href":"https:\/\/malaiseprogram.com\/fr\/wp-json\/wp\/v2\/media?parent=1491"}],"curies":[{"name":"wp","href":"https:\/\/api.w.org\/{rel}","templated":true}]}}