{"id":184,"date":"2014-08-06T10:55:08","date_gmt":"2014-08-06T10:55:08","guid":{"rendered":"http:\/\/malaiseprogram.ca\/?page_id=184"},"modified":"2016-12-16T18:47:54","modified_gmt":"2016-12-16T18:47:54","slug":"registration","status":"publish","type":"page","link":"https:\/\/malaiseprogram.com\/fr\/for-teachers\/registration\/","title":{"rendered":"Comment s\u2019inscrire"},"content":{"rendered":"Le Programme Scolaire de trappe Malaise est un programme d\u2019\u00e9ducation environnementale GRATUIT offert par le <a href=\"http:\/\/biodiversitygenomics.net\">Centre pour Biodiversit\u00e9 Genomiques<\/a>\u00a0pour les \u00e9coles \u00e0 travers le Canada\u00a0!<\/p>\n<div id=\":6h.co\" class=\"JL\"><\/div>\n<h4><strong>Le Programme:<\/strong><\/h4>\n<p><a href=\"http:\/\/biodiversitygenomics.net\">Le Centre pour Biodiversit\u00e9 Genomiques<\/a>\u00a0offre deux \u00e9ditions du Programme Scolaire de trappe Malaise pendant l\u2019ann\u00e9e \u2013 une au printemps et l\u2019autre \u00e0 l\u2019automne (g\u00e9n\u00e9ralement au mois d\u2019avril et septembre). Les candidats int\u00e9ress\u00e9s sont encourag\u00e9s \u00e0 s\u2019inscrire \u00e0 notre liste d\u2019envoi (<u><a href=\"http:\/\/eepurl.com\/MCaj1\">trouv\u00e9 ici<\/a><\/u>) afin de recevoir les informations regardant les dates d\u2019inscription, les dates limites et autres d\u00e9tails important. Les d\u00e9tails et mise \u00e0 jour du programme vont \u00e9galement \u00eatre affich\u00e9s sur notre site web.<\/p>\n<h4>Sign up for our Mailing List\u00a0<a href=\"http:\/\/eepurl.com\/MCaj1\">\u00a0Here<\/a>!<\/h4>\n<p>You will receive program information such as application forms, registration deadlines, and important details.<\/p>\n<h4><strong>Devenir un blogueur invit\u00e9:<\/strong><\/h4>\n<p>Nous encourageons les \u00e9l\u00e8ves et enseignants \u00e0 travers le monde \u00e0 utiliser le site web du Programme Scolaire de trappe Malaise comme un forum pour discuter de leur exp\u00e9rience avec la biodiversit\u00e9 de leur cours d\u2019\u00e9cole avec la communaut\u00e9 et au-del\u00e0. Si vous souhaitez contribuer un article pour notre blog, veuillez nous contacter \u00e0 <u><a href=\"mailto:info@malaiseprogram.ca\">info@malaiseprogram.ca<\/a><\/u> et nous serons heureux de cr\u00e9er un compte de blogueur invit\u00e9 pour vous. Vous pouvez aussi nous envoyer votre article par email et nous le posterons sur le blog en votre nom.<\/p>\n<h4><strong>S\u00e9lection des candidats:<\/strong><\/h4>\n<p>En raison du nombre de r\u00e9ponses consid\u00e9rables que nous recevons chaque ann\u00e9e des \u00e9coles souhaitant participer au programme, nous sommes incapables d\u2019inclure tous les candidats comme le nombre de place est limit\u00e9. Afin de s\u2019assurer que la s\u00e9lection des candidats soit \u00e9quitable, nous faisons de notre mieux pour consid\u00e9rer et passer en revue les crit\u00e8res suivants lors de la s\u00e9lection de chaque participant pour le programme:<\/p>\n<ul>\n<li><strong>Est-ce que votre classe ou votre \u00e9cole a d\u00e9j\u00e0 particip\u00e9 au Programme Scolaire de trappe Malaise dans le pass\u00e9?<\/strong> Si oui, cela ne signifie pas n\u00e9cessairement que vous ne serez pas s\u00e9lectionn\u00e9 pour la pr\u00e9sente \u00e9dition ou dans le futur car il y a plusieurs autres facteurs consid\u00e9r\u00e9s dans le processus de s\u00e9lection. Nous avons s\u00e9lectionn\u00e9 des participants par plus d\u2019une reprise dans le pass\u00e9 et encourageons grandement les enseignants et \u00e9coles \u00e0 appliquer de nouveau avec chaque saison pour que nous puissions suivre votre int\u00e9r\u00eat pour le programme.<\/li>\n<\/ul>\n<ul>\n<li><strong>O\u00f9 est situ\u00e9 votre d\u2019\u00e9cole?<\/strong> Nous souhaitons \u00e9chantillonner dans autant de coin du Canada que possible!<\/li>\n<\/ul>\n<ul>\n<li><strong>Combien d\u2019\u00e9coles ont appliqu\u00e9es votre r\u00e9gion?<\/strong> Comme vous pouvez l\u2019imaginer, durant chaque \u00e9dition du programme nous recevons un nombre plus \u00e9lev\u00e9 de r\u00e9ponses pour certaines r\u00e9gions g\u00e9ographiques que d\u2019autres. Nous faisons de notre mieux pour r\u00e9pandre le programme dans autant de r\u00e9gions que possible\u00a0; ainsi, une concentration plus \u00e9lev\u00e9 de candidats dans une r\u00e9gion ne signifie pas n\u00e9cessairement qu\u2019un nombre plus \u00e9lev\u00e9 de participants va \u00eatre s\u00e9lectionn\u00e9s de cette r\u00e9gion.<\/li>\n<\/ul>\n<ul>\n<li><strong>Combien de financement avons-nous?<\/strong> Actuellement, nous sommes fiers d\u2019\u00eatre capable d\u2019offrir le Programme Scolaire de trappe Malaise gratuitement aux \u00e9coles participantes dues au support de nos g\u00e9n\u00e9reux donneurs de fonds. Toutefois, ce financement n\u2019est pas illimit\u00e9 et peut changer avec chaque \u00e9dition du programme. Il est donc possible que le nombre de participants accept\u00e9s au programme vari d\u2019ann\u00e9e en ann\u00e9e.<\/li>\n<\/ul>\n<ul>\n<li><strong>\u00cates-vous int\u00e9ress\u00e9 \u00e0 partager votre exp\u00e9rience au programme avec d\u2019autres participants au programme, votre \u00e9cole et la communaut\u00e9? <\/strong>Une des raisons pour laquelle le Programme Scolaire de trappe Malaise a \u00e9t\u00e9 si fructueux est que nos participants ont \u00e9t\u00e9 excit\u00e9s d\u2019\u00eatre capables d\u2019interagir avec l\u2019un et l\u2019autre \u00e0 travers le programme et au-del\u00e0 de ce dernier. Nous fournissons a compte de blogueur invit\u00e9 pour chaque classe s\u00e9lectionn\u00e9e dans l\u2019espoir qu\u2019ils partagent leurs pr\u00e9dictions, d\u00e9couvertes et comparent leurs trouvailles avec les \u00e9tudiants \u00e0 travers le Canada. L\u2019\u00e9quipe du Programme Scolaire de trappe Malaise est aussi active avec les participants de la classe \u00e0 travers le blog en fournissant des mises \u00e0 jour du programme, en r\u00e9pondant aux questions et en stimulant les discussions. Jetez un coup d\u2019\u0153il au blog <a href=\"http:\/\/malaiseprogram.com\/blog\/\">ici<\/a>!<\/li>\n<\/ul>\n<p>&nbsp;","protected":false},"excerpt":{"rendered":"<p>Le Programme Scolaire de trappe Malaise est un programme d\u2019\u00e9ducation environnementale GRATUIT offert par le Centre pour Biodiversit\u00e9 Genomiques\u00a0pour les \u00e9coles \u00e0 travers le Canada\u00a0! Le Programme: Le Centre pour Biodiversit\u00e9 Genomiques\u00a0offre deux \u00e9ditions du Programme Scolaire de trappe Malaise pendant l\u2019ann\u00e9e \u2013 une au printemps et l\u2019autre \u00e0 l\u2019automne (g\u00e9n\u00e9ralement au mois d\u2019avril et &hellip; <a href=\"https:\/\/malaiseprogram.com\/fr\/for-teachers\/registration\/\" class=\"more-link\">Continuer la lecture de <span class=\"screen-reader-text\">Comment s\u2019inscrire<\/span>  <span class=\"meta-nav\">&rarr;<\/span><\/a><\/p>\n","protected":false},"author":266,"featured_media":0,"parent":1168,"menu_order":10,"comment_status":"closed","ping_status":"closed","template":"","meta":{"_monsterinsights_skip_tracking":false,"_monsterinsights_sitenote_active":false,"_monsterinsights_sitenote_note":"","_monsterinsights_sitenote_category":0,"footnotes":""},"class_list":["post-184","page","type-page","status-publish","hentry"],"_links":{"self":[{"href":"https:\/\/malaiseprogram.com\/fr\/wp-json\/wp\/v2\/pages\/184","targetHints":{"allow":["GET"]}}],"collection":[{"href":"https:\/\/malaiseprogram.com\/fr\/wp-json\/wp\/v2\/pages"}],"about":[{"href":"https:\/\/malaiseprogram.com\/fr\/wp-json\/wp\/v2\/types\/page"}],"author":[{"embeddable":true,"href":"https:\/\/malaiseprogram.com\/fr\/wp-json\/wp\/v2\/users\/266"}],"replies":[{"embeddable":true,"href":"https:\/\/malaiseprogram.com\/fr\/wp-json\/wp\/v2\/comments?post=184"}],"version-history":[{"count":10,"href":"https:\/\/malaiseprogram.com\/fr\/wp-json\/wp\/v2\/pages\/184\/revisions"}],"predecessor-version":[{"id":6184,"href":"https:\/\/malaiseprogram.com\/fr\/wp-json\/wp\/v2\/pages\/184\/revisions\/6184"}],"up":[{"embeddable":true,"href":"https:\/\/malaiseprogram.com\/fr\/wp-json\/wp\/v2\/pages\/1168"}],"wp:attachment":[{"href":"https:\/\/malaiseprogram.com\/fr\/wp-json\/wp\/v2\/media?parent=184"}],"curies":[{"name":"wp","href":"https:\/\/api.w.org\/{rel}","templated":true}]}}