{"id":5833,"date":"2016-11-25T20:17:24","date_gmt":"2016-11-25T20:17:24","guid":{"rendered":"http:\/\/malaiseprogram.com\/?page_id=5833"},"modified":"2016-12-07T20:26:47","modified_gmt":"2016-12-07T20:26:47","slug":"california","status":"publish","type":"page","link":"https:\/\/malaiseprogram.com\/fr\/how-it-works\/the-results\/school-reports\/california\/","title":{"rendered":"(English) California"},"content":{"rendered":"Ci-dessous, vous pouvez acc\u00e9der aux rapports scolaires individuels des \u00e9ditions pr\u00e9c\u00e9dentes du Programme Scolaire de trappe Malaise, avec les \u00e9coles r\u00e9pertori\u00e9es par ville.<\/p>\n<h5>Hemet<\/h5>\n<p style=\"padding-left: 30px;\"><strong>Western Center Academy<\/strong><br \/>\n<em>Fall 2016:\u00a0<\/em><a href=\"http:\/\/malaiseprogram.com\/site\/wp-content\/uploads\/2016\/12\/Individual-Trap-Report_Western-Center-Academy.pdf\">Individual Report<\/a>\u00a0\u00b7\u00a0<a href=\"http:\/\/malaiseprogram.com\/site\/wp-content\/uploads\/2016\/12\/FSMTP_2016_Individual_Species_List_Western-Center-Academy.pdf\">Species List<\/a>\u00a0\u00b7\u00a0<a href=\"http:\/\/malaiseprogram.com\/site\/wp-content\/uploads\/2016\/12\/Image-Library_Western-Center-Academy.pdf\">Image Library<\/a><\/p>\n<h5>Menifee<\/h5>\n<p style=\"padding-left: 30px;\"><strong>Mount San Jacinto College, Menifee Valley Campus<\/strong><br \/>\n<em>Fall 2016:\u00a0<\/em><a href=\"http:\/\/malaiseprogram.com\/site\/wp-content\/uploads\/2016\/12\/Individual-Trap-Report_Mount-San-Jacinto-College-Menifee-Valley-Campus.pdf\">Individual Report<\/a>\u00a0\u00b7\u00a0<a href=\"http:\/\/malaiseprogram.com\/site\/wp-content\/uploads\/2016\/12\/FSMTP_2016_Individual_Species_List_Mount-San-Jacinto-College.pdf\">Species List<\/a>\u00a0\u00b7\u00a0<a href=\"http:\/\/malaiseprogram.com\/site\/wp-content\/uploads\/2016\/12\/Image-Library_Mount-San-Jacinto-College.pdf\">Image Library<\/a><\/p>","protected":false},"excerpt":{"rendered":"<p>Ci-dessous, vous pouvez acc\u00e9der aux rapports scolaires individuels des \u00e9ditions pr\u00e9c\u00e9dentes du Programme Scolaire de trappe Malaise, avec les \u00e9coles r\u00e9pertori\u00e9es par ville. Hemet Western Center Academy Fall 2016:\u00a0Individual Report\u00a0\u00b7\u00a0Species List\u00a0\u00b7\u00a0Image Library Menifee Mount San Jacinto College, Menifee Valley Campus Fall 2016:\u00a0Individual Report\u00a0\u00b7\u00a0Species List\u00a0\u00b7\u00a0Image Library<\/p>\n","protected":false},"author":266,"featured_media":0,"parent":1463,"menu_order":0,"comment_status":"closed","ping_status":"closed","template":"","meta":{"_monsterinsights_skip_tracking":false,"_monsterinsights_sitenote_active":false,"_monsterinsights_sitenote_note":"","_monsterinsights_sitenote_category":0,"footnotes":""},"class_list":["post-5833","page","type-page","status-publish","hentry"],"_links":{"self":[{"href":"https:\/\/malaiseprogram.com\/fr\/wp-json\/wp\/v2\/pages\/5833","targetHints":{"allow":["GET"]}}],"collection":[{"href":"https:\/\/malaiseprogram.com\/fr\/wp-json\/wp\/v2\/pages"}],"about":[{"href":"https:\/\/malaiseprogram.com\/fr\/wp-json\/wp\/v2\/types\/page"}],"author":[{"embeddable":true,"href":"https:\/\/malaiseprogram.com\/fr\/wp-json\/wp\/v2\/users\/266"}],"replies":[{"embeddable":true,"href":"https:\/\/malaiseprogram.com\/fr\/wp-json\/wp\/v2\/comments?post=5833"}],"version-history":[{"count":5,"href":"https:\/\/malaiseprogram.com\/fr\/wp-json\/wp\/v2\/pages\/5833\/revisions"}],"predecessor-version":[{"id":6101,"href":"https:\/\/malaiseprogram.com\/fr\/wp-json\/wp\/v2\/pages\/5833\/revisions\/6101"}],"up":[{"embeddable":true,"href":"https:\/\/malaiseprogram.com\/fr\/wp-json\/wp\/v2\/pages\/1463"}],"wp:attachment":[{"href":"https:\/\/malaiseprogram.com\/fr\/wp-json\/wp\/v2\/media?parent=5833"}],"curies":[{"name":"wp","href":"https:\/\/api.w.org\/{rel}","templated":true}]}}