{"id":62,"date":"2014-07-29T12:23:48","date_gmt":"2014-07-29T12:23:48","guid":{"rendered":"http:\/\/malaiseprogram.ca\/?page_id=62"},"modified":"2024-05-15T16:08:12","modified_gmt":"2024-05-15T16:08:12","slug":"contact","status":"publish","type":"page","link":"https:\/\/malaiseprogram.com\/fr\/contact\/","title":{"rendered":"Contactez Nous"},"content":{"rendered":"<h6>Traduction fran\u00e7aise \u00e0 venir tr\u00e8s bient\u00f4t.<\/h6>\n<p><strong>Media Enquiries<\/strong><br \/>\nDirk Steinke, Director of Education and Outreach<br \/>\nCentre for Biodiversity Genomics<br \/>\nUniversity of Guelph<br \/>\n50 Stone Road East<br \/>\nGuelph, Ontario<br \/>\nN1G 2W1<br \/>\nCanada<\/p>\n<p>Phone: 1-519-824-4120 x53759<br \/>\nFax: 1-519-824-5703<br \/>\n<a href=\"mailto:dsteinke@uoguelph.ca\">dsteinke@uoguelph.ca<\/a><\/p>\n<blockquote style=\"padding: 15px 20px 2px 20px; margin-top:25px; font-size:90%;\">\n<h6>Land Acknowledgement<\/h6>\n<p>We acknowledge that the Centre for Biodiversity Genomics resides on the treaty lands and territory of the Mississaugas of the Credit. We uphold the significance of the Dish with One Spoon Covenant and the continuing relationship our Indigenous neighbours have with this land. We recognize that today this gathering place is home to many First Nations, M\u00e9tis and Inuit peoples and acknowledging them reminds us of our relationships to this land where we learn and work.<\/p>\n<p>We would also like to acknowledge the traditional territories of Indigenous Peoples around the world, their right to self-determination and sovereignty and their relationships to all aspects of creation since time immemorial. We acknowledge the diversity of Indigenous Nations, territories, and communities and each of their unique relationships to land. Through our collective work, we acknowledge with great respect and give voice to all life on planet Earth and honour the sacred relationships between people, nature, and biodiversity.<\/p>\n<p>We are committed to honouring and upholding the 46 articles of the UN Declaration on the Rights of Indigenous Peoples. We will engage with a variety of Indigenous knowledge holders to ensure a diversity of perspectives.<\/p><\/blockquote>","protected":false},"excerpt":{"rendered":"<p>Traduction fran\u00e7aise \u00e0 venir tr\u00e8s bient\u00f4t. Media Enquiries Dirk Steinke, Director of Education and Outreach Centre for Biodiversity Genomics University of Guelph 50 Stone Road East Guelph, Ontario N1G 2W1 Canada Phone: 1-519-824-4120 x53759 Fax: 1-519-824-5703 dsteinke@uoguelph.ca Land Acknowledgement We acknowledge that the Centre for Biodiversity Genomics resides on the treaty lands and territory of &hellip; <a href=\"https:\/\/malaiseprogram.com\/fr\/contact\/\" class=\"more-link\">Continuer la lecture de <span class=\"screen-reader-text\">Contactez Nous<\/span>  <span class=\"meta-nav\">&rarr;<\/span><\/a><\/p>\n","protected":false},"author":266,"featured_media":1183,"parent":0,"menu_order":10,"comment_status":"closed","ping_status":"closed","template":"","meta":{"_monsterinsights_skip_tracking":false,"_monsterinsights_sitenote_active":false,"_monsterinsights_sitenote_note":"","_monsterinsights_sitenote_category":0,"footnotes":""},"class_list":["post-62","page","type-page","status-publish","has-post-thumbnail","hentry"],"_links":{"self":[{"href":"https:\/\/malaiseprogram.com\/fr\/wp-json\/wp\/v2\/pages\/62","targetHints":{"allow":["GET"]}}],"collection":[{"href":"https:\/\/malaiseprogram.com\/fr\/wp-json\/wp\/v2\/pages"}],"about":[{"href":"https:\/\/malaiseprogram.com\/fr\/wp-json\/wp\/v2\/types\/page"}],"author":[{"embeddable":true,"href":"https:\/\/malaiseprogram.com\/fr\/wp-json\/wp\/v2\/users\/266"}],"replies":[{"embeddable":true,"href":"https:\/\/malaiseprogram.com\/fr\/wp-json\/wp\/v2\/comments?post=62"}],"version-history":[{"count":5,"href":"https:\/\/malaiseprogram.com\/fr\/wp-json\/wp\/v2\/pages\/62\/revisions"}],"predecessor-version":[{"id":6224,"href":"https:\/\/malaiseprogram.com\/fr\/wp-json\/wp\/v2\/pages\/62\/revisions\/6224"}],"wp:featuredmedia":[{"embeddable":true,"href":"https:\/\/malaiseprogram.com\/fr\/wp-json\/wp\/v2\/media\/1183"}],"wp:attachment":[{"href":"https:\/\/malaiseprogram.com\/fr\/wp-json\/wp\/v2\/media?parent=62"}],"curies":[{"name":"wp","href":"https:\/\/api.w.org\/{rel}","templated":true}]}}